{"id":270,"date":"2026-01-13T14:29:37","date_gmt":"2026-01-13T14:29:37","guid":{"rendered":"https:\/\/hotelsanmarcovenice.ms3.decms.eu\/?page_id=270"},"modified":"2026-02-13T14:09:42","modified_gmt":"2026-02-13T14:09:42","slug":"albergo-san-marco","status":"publish","type":"page","link":"https:\/\/www.hotelsanmarcovenice.com\/de\/","title":{"rendered":"Albergo San Marco"},"content":{"rendered":"<p style=\"text-align: center;\"><em>Das Albergo San Marco befindet sich in einem historischen Geb\u00e4ude aus dem Jahr <strong>1207<\/strong>, das <strong>2024 komplett renoviert<\/strong> wurde und venezianischen Charme mit modernem Design verbindet.<\/em><\/p>\n<p style=\"text-align: center;\">Das Hotel am <strong>Markusplatz<\/strong> ist eine elegante Residenz, im Zentrum von Venedig. Hier verr\u00e4t jedes L\u00e4cheln die <strong>Liebe zu einer aufmerksamen und authentischen Gastfreundschaft<\/strong>. Unser Hotel m\u00f6chte f\u00fcr seine G\u00e4ste ein zweites Zuhause in Venedig sein. Denn der sch\u00f6nste Luxus ist es, <strong>sich wie zu Hause zu f\u00fchlen<\/strong>.<\/p>\n","protected":false},"excerpt":{"rendered":"<p>Das Albergo San Marco befindet sich in einem historischen Geb\u00e4ude aus dem Jahr 1207, das 2024 komplett renoviert wurde und venezianischen Charme mit modernem Design verbindet. Das Hotel am Markusplatz ist eine elegante Residenz, im Zentrum von Venedig. Hier verr\u00e4t jedes L\u00e4cheln die Liebe zu einer aufmerksamen und authentischen Gastfreundschaft. Unser Hotel m\u00f6chte f\u00fcr seine [&hellip;]<\/p>\n","protected":false},"author":6,"featured_media":0,"parent":0,"menu_order":10,"comment_status":"closed","ping_status":"closed","template":"","meta":{"footnotes":""},"class_list":["post-270","page","type-page","status-publish","hentry"],"yoast_head":"<!-- This site is optimized with the Yoast SEO plugin v26.9 - https:\/\/yoast.com\/product\/yoast-seo-wordpress\/ -->\n<title>Albergo San Marco - Albergo San Marco -<\/title>\n<meta name=\"description\" content=\"Das Albergo San Marco befindet sich in einem historischen Geb\u00e4ude aus dem Jahr 1207, das 2024 komplett renoviert wurde und venezianischen Charme mit modernem Design verbindet. Das Hotel am Markusplatz ist eine elegante Residenz, im Zentrum von Venedig. Hier verr\u00e4t jedes L\u00e4cheln die Liebe zu einer aufmerksamen und authentischen Gastfreundschaft\" \/>\n<meta name=\"robots\" content=\"index, follow, max-snippet:-1, max-image-preview:large, max-video-preview:-1\" \/>\n<link rel=\"canonical\" href=\"https:\/\/www.hotelsanmarcovenice.com\/de\/\" \/>\n<meta property=\"og:locale\" content=\"de_DE\" \/>\n<meta property=\"og:type\" content=\"article\" \/>\n<meta property=\"og:title\" content=\"Albergo San Marco - Albergo San Marco -\" \/>\n<meta property=\"og:description\" content=\"Das Albergo San Marco befindet sich in einem historischen Geb\u00e4ude aus dem Jahr 1207, das 2024 komplett renoviert wurde und venezianischen Charme mit modernem Design verbindet. Das Hotel am Markusplatz ist eine elegante Residenz, im Zentrum von Venedig. Hier verr\u00e4t jedes L\u00e4cheln die Liebe zu einer aufmerksamen und authentischen Gastfreundschaft\" \/>\n<meta property=\"og:url\" content=\"https:\/\/www.hotelsanmarcovenice.com\/de\/\" \/>\n<meta property=\"og:site_name\" content=\"Albergo San Marco\" \/>\n<meta property=\"article:publisher\" content=\"https:\/\/www.facebook.com\/people\/Hotel-San-Marco-Venezia\/61561152116167\/\" \/>\n<meta property=\"article:modified_time\" content=\"2026-02-13T14:09:42+00:00\" \/>\n<meta property=\"og:image\" content=\"https:\/\/www.hotelsanmarcovenice.com\/wp-content\/uploads\/sites\/48\/2026\/01\/albergo_san_marco_slide_00.jpg\" \/>\n\t<meta property=\"og:image:width\" content=\"2200\" \/>\n\t<meta property=\"og:image:height\" content=\"1200\" \/>\n\t<meta property=\"og:image:type\" content=\"image\/jpeg\" \/>\n<meta name=\"twitter:card\" content=\"summary_large_image\" \/>\n<meta name=\"twitter:label1\" content=\"Est. reading time\" \/>\n\t<meta name=\"twitter:data1\" content=\"1\u00a0Minute\" \/>\n<script type=\"application\/ld+json\" class=\"yoast-schema-graph\">{\"@context\":\"https:\/\/schema.org\",\"@graph\":[{\"@type\":\"WebPage\",\"@id\":\"https:\/\/www.hotelsanmarcovenice.com\/de\/\",\"url\":\"https:\/\/www.hotelsanmarcovenice.com\/de\/\",\"name\":\"Albergo San Marco - Albergo San Marco -\",\"isPartOf\":{\"@id\":\"https:\/\/www.hotelsanmarcovenice.com\/de\/#website\"},\"datePublished\":\"2026-01-13T14:29:37+00:00\",\"dateModified\":\"2026-02-13T14:09:42+00:00\",\"description\":\"Das Albergo San Marco befindet sich in einem historischen Geb\u00e4ude aus dem Jahr 1207, das 2024 komplett renoviert wurde und venezianischen Charme mit modernem Design verbindet. Das Hotel am Markusplatz ist eine elegante Residenz, im Zentrum von Venedig. Hier verr\u00e4t jedes L\u00e4cheln die Liebe zu einer aufmerksamen und authentischen Gastfreundschaft\",\"breadcrumb\":{\"@id\":\"https:\/\/www.hotelsanmarcovenice.com\/de\/#breadcrumb\"},\"inLanguage\":\"de\",\"potentialAction\":[{\"@type\":\"ReadAction\",\"target\":[\"https:\/\/www.hotelsanmarcovenice.com\/de\/\"]}]},{\"@type\":\"BreadcrumbList\",\"@id\":\"https:\/\/www.hotelsanmarcovenice.com\/de\/#breadcrumb\",\"itemListElement\":[{\"@type\":\"ListItem\",\"position\":1,\"name\":\"Home\",\"item\":\"https:\/\/www.hotelsanmarcovenice.com\/de\/\"},{\"@type\":\"ListItem\",\"position\":2,\"name\":\"Albergo San Marco\"}]},{\"@type\":\"WebSite\",\"@id\":\"https:\/\/www.hotelsanmarcovenice.com\/de\/#website\",\"url\":\"https:\/\/www.hotelsanmarcovenice.com\/de\/\",\"name\":\"Albergo San Marco\",\"description\":\"\",\"publisher\":{\"@id\":\"https:\/\/www.hotelsanmarcovenice.com\/de\/#organization\"},\"potentialAction\":[{\"@type\":\"SearchAction\",\"target\":{\"@type\":\"EntryPoint\",\"urlTemplate\":\"https:\/\/www.hotelsanmarcovenice.com\/de\/?s={search_term_string}\"},\"query-input\":{\"@type\":\"PropertyValueSpecification\",\"valueRequired\":true,\"valueName\":\"search_term_string\"}}],\"inLanguage\":\"de\"},{\"@type\":\"Organization\",\"@id\":\"https:\/\/www.hotelsanmarcovenice.com\/de\/#organization\",\"name\":\"Albergo San Marco\",\"url\":\"https:\/\/www.hotelsanmarcovenice.com\/de\/\",\"logo\":{\"@type\":\"ImageObject\",\"inLanguage\":\"de\",\"@id\":\"https:\/\/www.hotelsanmarcovenice.com\/de\/#\/schema\/logo\/image\/\",\"url\":\"https:\/\/www.hotelsanmarcovenice.com\/wp-content\/uploads\/sites\/48\/2026\/02\/logo_albergo_san_marco_def_c.svg\",\"contentUrl\":\"https:\/\/www.hotelsanmarcovenice.com\/wp-content\/uploads\/sites\/48\/2026\/02\/logo_albergo_san_marco_def_c.svg\",\"width\":791,\"height\":755,\"caption\":\"Albergo San Marco\"},\"image\":{\"@id\":\"https:\/\/www.hotelsanmarcovenice.com\/de\/#\/schema\/logo\/image\/\"},\"sameAs\":[\"https:\/\/www.facebook.com\/people\/Hotel-San-Marco-Venezia\/61561152116167\/\",\"https:\/\/www.instagram.com\/hotel_san_marco_venezia\/\"]}]}<\/script>\n<!-- \/ Yoast SEO plugin. -->","yoast_head_json":{"title":"Albergo San Marco - Albergo San Marco -","description":"Das Albergo San Marco befindet sich in einem historischen Geb\u00e4ude aus dem Jahr 1207, das 2024 komplett renoviert wurde und venezianischen Charme mit modernem Design verbindet. Das Hotel am Markusplatz ist eine elegante Residenz, im Zentrum von Venedig. Hier verr\u00e4t jedes L\u00e4cheln die Liebe zu einer aufmerksamen und authentischen Gastfreundschaft","robots":{"index":"index","follow":"follow","max-snippet":"max-snippet:-1","max-image-preview":"max-image-preview:large","max-video-preview":"max-video-preview:-1"},"canonical":"https:\/\/www.hotelsanmarcovenice.com\/de\/","og_locale":"de_DE","og_type":"article","og_title":"Albergo San Marco - Albergo San Marco -","og_description":"Das Albergo San Marco befindet sich in einem historischen Geb\u00e4ude aus dem Jahr 1207, das 2024 komplett renoviert wurde und venezianischen Charme mit modernem Design verbindet. Das Hotel am Markusplatz ist eine elegante Residenz, im Zentrum von Venedig. Hier verr\u00e4t jedes L\u00e4cheln die Liebe zu einer aufmerksamen und authentischen Gastfreundschaft","og_url":"https:\/\/www.hotelsanmarcovenice.com\/de\/","og_site_name":"Albergo San Marco","article_publisher":"https:\/\/www.facebook.com\/people\/Hotel-San-Marco-Venezia\/61561152116167\/","article_modified_time":"2026-02-13T14:09:42+00:00","og_image":[{"width":2200,"height":1200,"url":"https:\/\/www.hotelsanmarcovenice.com\/wp-content\/uploads\/sites\/48\/2026\/01\/albergo_san_marco_slide_00.jpg","type":"image\/jpeg"}],"twitter_card":"summary_large_image","twitter_misc":{"Est. reading time":"1\u00a0Minute"},"schema":{"@context":"https:\/\/schema.org","@graph":[{"@type":"WebPage","@id":"https:\/\/www.hotelsanmarcovenice.com\/de\/","url":"https:\/\/www.hotelsanmarcovenice.com\/de\/","name":"Albergo San Marco - Albergo San Marco -","isPartOf":{"@id":"https:\/\/www.hotelsanmarcovenice.com\/de\/#website"},"datePublished":"2026-01-13T14:29:37+00:00","dateModified":"2026-02-13T14:09:42+00:00","description":"Das Albergo San Marco befindet sich in einem historischen Geb\u00e4ude aus dem Jahr 1207, das 2024 komplett renoviert wurde und venezianischen Charme mit modernem Design verbindet. Das Hotel am Markusplatz ist eine elegante Residenz, im Zentrum von Venedig. Hier verr\u00e4t jedes L\u00e4cheln die Liebe zu einer aufmerksamen und authentischen Gastfreundschaft","breadcrumb":{"@id":"https:\/\/www.hotelsanmarcovenice.com\/de\/#breadcrumb"},"inLanguage":"de","potentialAction":[{"@type":"ReadAction","target":["https:\/\/www.hotelsanmarcovenice.com\/de\/"]}]},{"@type":"BreadcrumbList","@id":"https:\/\/www.hotelsanmarcovenice.com\/de\/#breadcrumb","itemListElement":[{"@type":"ListItem","position":1,"name":"Home","item":"https:\/\/www.hotelsanmarcovenice.com\/de\/"},{"@type":"ListItem","position":2,"name":"Albergo San Marco"}]},{"@type":"WebSite","@id":"https:\/\/www.hotelsanmarcovenice.com\/de\/#website","url":"https:\/\/www.hotelsanmarcovenice.com\/de\/","name":"Albergo San Marco","description":"","publisher":{"@id":"https:\/\/www.hotelsanmarcovenice.com\/de\/#organization"},"potentialAction":[{"@type":"SearchAction","target":{"@type":"EntryPoint","urlTemplate":"https:\/\/www.hotelsanmarcovenice.com\/de\/?s={search_term_string}"},"query-input":{"@type":"PropertyValueSpecification","valueRequired":true,"valueName":"search_term_string"}}],"inLanguage":"de"},{"@type":"Organization","@id":"https:\/\/www.hotelsanmarcovenice.com\/de\/#organization","name":"Albergo San Marco","url":"https:\/\/www.hotelsanmarcovenice.com\/de\/","logo":{"@type":"ImageObject","inLanguage":"de","@id":"https:\/\/www.hotelsanmarcovenice.com\/de\/#\/schema\/logo\/image\/","url":"https:\/\/www.hotelsanmarcovenice.com\/wp-content\/uploads\/sites\/48\/2026\/02\/logo_albergo_san_marco_def_c.svg","contentUrl":"https:\/\/www.hotelsanmarcovenice.com\/wp-content\/uploads\/sites\/48\/2026\/02\/logo_albergo_san_marco_def_c.svg","width":791,"height":755,"caption":"Albergo San Marco"},"image":{"@id":"https:\/\/www.hotelsanmarcovenice.com\/de\/#\/schema\/logo\/image\/"},"sameAs":["https:\/\/www.facebook.com\/people\/Hotel-San-Marco-Venezia\/61561152116167\/","https:\/\/www.instagram.com\/hotel_san_marco_venezia\/"]}]}},"acf":[],"_links":{"self":[{"href":"https:\/\/www.hotelsanmarcovenice.com\/de\/wp-json\/wp\/v2\/pages\/270","targetHints":{"allow":["GET"]}}],"collection":[{"href":"https:\/\/www.hotelsanmarcovenice.com\/de\/wp-json\/wp\/v2\/pages"}],"about":[{"href":"https:\/\/www.hotelsanmarcovenice.com\/de\/wp-json\/wp\/v2\/types\/page"}],"author":[{"embeddable":true,"href":"https:\/\/www.hotelsanmarcovenice.com\/de\/wp-json\/wp\/v2\/users\/6"}],"replies":[{"embeddable":true,"href":"https:\/\/www.hotelsanmarcovenice.com\/de\/wp-json\/wp\/v2\/comments?post=270"}],"version-history":[{"count":0,"href":"https:\/\/www.hotelsanmarcovenice.com\/de\/wp-json\/wp\/v2\/pages\/270\/revisions"}],"wp:attachment":[{"href":"https:\/\/www.hotelsanmarcovenice.com\/de\/wp-json\/wp\/v2\/media?parent=270"}],"curies":[{"name":"wp","href":"https:\/\/api.w.org\/{rel}","templated":true}]}}