{"id":327,"date":"2026-01-22T15:58:44","date_gmt":"2026-01-22T15:58:44","guid":{"rendered":"https:\/\/hotelsanmarcovenice.ms3.decms.eu\/?page_id=327"},"modified":"2026-03-18T09:11:27","modified_gmt":"2026-03-18T09:11:27","slug":"suite","status":"publish","type":"page","link":"https:\/\/www.hotelsanmarcovenice.com\/de\/zimmer\/suite\/","title":{"rendered":"Suite"},"content":{"rendered":"<p>Unsere Suiten sind so konzipiert, dass sie ein Gef\u00fchl der Zugeh\u00f6rigkeit vermitteln und den G\u00e4sten einen Blick auf das umliegende Viertel bieten. Ein separater Wohnbereich bietet die M\u00f6glichkeit, sich in ruhiger Atmosph\u00e4re zu entspannen.<\/p>\n<p>Abbildung dient nur zur Veranschaulichung, das zugewiesene Zimmer kann einen anderen Grundriss haben, die M\u00f6bel sind jedoch gleich.<\/p>\n","protected":false},"excerpt":{"rendered":"<p>Unsere Suiten sind so konzipiert, dass sie ein Gef\u00fchl der Zugeh\u00f6rigkeit vermitteln und den G\u00e4sten einen Blick auf das umliegende Viertel bieten. Ein separater Wohnbereich bietet die M\u00f6glichkeit, sich in ruhiger Atmosph\u00e4re zu entspannen. Abbildung dient nur zur Veranschaulichung, das zugewiesene Zimmer kann einen anderen Grundriss haben, die M\u00f6bel sind jedoch gleich.<\/p>\n","protected":false},"author":6,"featured_media":0,"parent":289,"menu_order":10,"comment_status":"closed","ping_status":"closed","template":"template-single-room.php","meta":{"footnotes":""},"class_list":["post-327","page","type-page","status-publish","hentry"],"yoast_head":"<!-- This site is optimized with the Yoast SEO plugin v26.9 - https:\/\/yoast.com\/product\/yoast-seo-wordpress\/ -->\n<title>Suite - Albergo San Marco -<\/title>\n<meta name=\"description\" content=\"Unsere Suiten sind so konzipiert, dass sie ein Gef\u00fchl der Zugeh\u00f6rigkeit vermitteln und den G\u00e4sten einen Blick auf das umliegende Viertel bieten. Ein separater Wohnbereich bietet die M\u00f6glichkeit, sich in ruhiger Atmosph\u00e4re zu entspannen.  Abbildung dient nur zur Veranschaulichung, das zugewiesene Zimmer kann einen anderen Grundriss haben, die M\u00f6bel sind jedoch gleich.\" \/>\n<meta name=\"robots\" content=\"index, follow, max-snippet:-1, max-image-preview:large, max-video-preview:-1\" \/>\n<link rel=\"canonical\" href=\"https:\/\/www.hotelsanmarcovenice.com\/de\/zimmer\/suite\/\" \/>\n<meta property=\"og:locale\" content=\"de_DE\" \/>\n<meta property=\"og:type\" content=\"article\" \/>\n<meta property=\"og:title\" content=\"Suite - Albergo San Marco -\" \/>\n<meta property=\"og:description\" content=\"Unsere Suiten sind so konzipiert, dass sie ein Gef\u00fchl der Zugeh\u00f6rigkeit vermitteln und den G\u00e4sten einen Blick auf das umliegende Viertel bieten. Ein separater Wohnbereich bietet die M\u00f6glichkeit, sich in ruhiger Atmosph\u00e4re zu entspannen.  Abbildung dient nur zur Veranschaulichung, das zugewiesene Zimmer kann einen anderen Grundriss haben, die M\u00f6bel sind jedoch gleich.\" \/>\n<meta property=\"og:url\" content=\"https:\/\/www.hotelsanmarcovenice.com\/de\/zimmer\/suite\/\" \/>\n<meta property=\"og:site_name\" content=\"Albergo San Marco\" \/>\n<meta property=\"article:publisher\" content=\"https:\/\/www.facebook.com\/people\/Hotel-San-Marco-Venezia\/61561152116167\/\" \/>\n<meta property=\"article:modified_time\" content=\"2026-03-18T09:11:27+00:00\" \/>\n<meta property=\"og:image\" content=\"https:\/\/www.hotelsanmarcovenice.com\/wp-content\/uploads\/sites\/48\/2026\/01\/albergo_san_marco_slide_00.jpg\" \/>\n\t<meta property=\"og:image:width\" content=\"2200\" \/>\n\t<meta property=\"og:image:height\" content=\"1200\" \/>\n\t<meta property=\"og:image:type\" content=\"image\/jpeg\" \/>\n<meta name=\"twitter:card\" content=\"summary_large_image\" \/>\n<meta name=\"twitter:label1\" content=\"Est. reading time\" \/>\n\t<meta name=\"twitter:data1\" content=\"1\u00a0Minute\" \/>\n<script type=\"application\/ld+json\" class=\"yoast-schema-graph\">{\"@context\":\"https:\/\/schema.org\",\"@graph\":[{\"@type\":\"WebPage\",\"@id\":\"https:\/\/www.hotelsanmarcovenice.com\/de\/zimmer\/suite\/\",\"url\":\"https:\/\/www.hotelsanmarcovenice.com\/de\/zimmer\/suite\/\",\"name\":\"Suite - Albergo San Marco -\",\"isPartOf\":{\"@id\":\"https:\/\/www.hotelsanmarcovenice.com\/de\/#website\"},\"datePublished\":\"2026-01-22T15:58:44+00:00\",\"dateModified\":\"2026-03-18T09:11:27+00:00\",\"description\":\"Unsere Suiten sind so konzipiert, dass sie ein Gef\u00fchl der Zugeh\u00f6rigkeit vermitteln und den G\u00e4sten einen Blick auf das umliegende Viertel bieten. Ein separater Wohnbereich bietet die M\u00f6glichkeit, sich in ruhiger Atmosph\u00e4re zu entspannen. Abbildung dient nur zur Veranschaulichung, das zugewiesene Zimmer kann einen anderen Grundriss haben, die M\u00f6bel sind jedoch gleich.\",\"breadcrumb\":{\"@id\":\"https:\/\/www.hotelsanmarcovenice.com\/de\/zimmer\/suite\/#breadcrumb\"},\"inLanguage\":\"de\",\"potentialAction\":[{\"@type\":\"ReadAction\",\"target\":[\"https:\/\/www.hotelsanmarcovenice.com\/de\/zimmer\/suite\/\"]}]},{\"@type\":\"BreadcrumbList\",\"@id\":\"https:\/\/www.hotelsanmarcovenice.com\/de\/zimmer\/suite\/#breadcrumb\",\"itemListElement\":[{\"@type\":\"ListItem\",\"position\":1,\"name\":\"Home\",\"item\":\"https:\/\/www.hotelsanmarcovenice.com\/de\/\"},{\"@type\":\"ListItem\",\"position\":2,\"name\":\"Zimmer\",\"item\":\"https:\/\/www.hotelsanmarcovenice.com\/de\/zimmer\/\"},{\"@type\":\"ListItem\",\"position\":3,\"name\":\"Suite\"}]},{\"@type\":\"WebSite\",\"@id\":\"https:\/\/www.hotelsanmarcovenice.com\/de\/#website\",\"url\":\"https:\/\/www.hotelsanmarcovenice.com\/de\/\",\"name\":\"Albergo San Marco\",\"description\":\"\",\"publisher\":{\"@id\":\"https:\/\/www.hotelsanmarcovenice.com\/de\/#organization\"},\"potentialAction\":[{\"@type\":\"SearchAction\",\"target\":{\"@type\":\"EntryPoint\",\"urlTemplate\":\"https:\/\/www.hotelsanmarcovenice.com\/de\/?s={search_term_string}\"},\"query-input\":{\"@type\":\"PropertyValueSpecification\",\"valueRequired\":true,\"valueName\":\"search_term_string\"}}],\"inLanguage\":\"de\"},{\"@type\":\"Organization\",\"@id\":\"https:\/\/www.hotelsanmarcovenice.com\/de\/#organization\",\"name\":\"Albergo San Marco\",\"url\":\"https:\/\/www.hotelsanmarcovenice.com\/de\/\",\"logo\":{\"@type\":\"ImageObject\",\"inLanguage\":\"de\",\"@id\":\"https:\/\/www.hotelsanmarcovenice.com\/de\/#\/schema\/logo\/image\/\",\"url\":\"https:\/\/www.hotelsanmarcovenice.com\/wp-content\/uploads\/sites\/48\/2026\/02\/logo_albergo_san_marco_def_c.svg\",\"contentUrl\":\"https:\/\/www.hotelsanmarcovenice.com\/wp-content\/uploads\/sites\/48\/2026\/02\/logo_albergo_san_marco_def_c.svg\",\"width\":791,\"height\":755,\"caption\":\"Albergo San Marco\"},\"image\":{\"@id\":\"https:\/\/www.hotelsanmarcovenice.com\/de\/#\/schema\/logo\/image\/\"},\"sameAs\":[\"https:\/\/www.facebook.com\/people\/Hotel-San-Marco-Venezia\/61561152116167\/\",\"https:\/\/www.instagram.com\/hotel_san_marco_venezia\/\"]}]}<\/script>\n<!-- \/ Yoast SEO plugin. -->","yoast_head_json":{"title":"Suite - Albergo San Marco -","description":"Unsere Suiten sind so konzipiert, dass sie ein Gef\u00fchl der Zugeh\u00f6rigkeit vermitteln und den G\u00e4sten einen Blick auf das umliegende Viertel bieten. Ein separater Wohnbereich bietet die M\u00f6glichkeit, sich in ruhiger Atmosph\u00e4re zu entspannen.  Abbildung dient nur zur Veranschaulichung, das zugewiesene Zimmer kann einen anderen Grundriss haben, die M\u00f6bel sind jedoch gleich.","robots":{"index":"index","follow":"follow","max-snippet":"max-snippet:-1","max-image-preview":"max-image-preview:large","max-video-preview":"max-video-preview:-1"},"canonical":"https:\/\/www.hotelsanmarcovenice.com\/de\/zimmer\/suite\/","og_locale":"de_DE","og_type":"article","og_title":"Suite - Albergo San Marco -","og_description":"Unsere Suiten sind so konzipiert, dass sie ein Gef\u00fchl der Zugeh\u00f6rigkeit vermitteln und den G\u00e4sten einen Blick auf das umliegende Viertel bieten. Ein separater Wohnbereich bietet die M\u00f6glichkeit, sich in ruhiger Atmosph\u00e4re zu entspannen.  Abbildung dient nur zur Veranschaulichung, das zugewiesene Zimmer kann einen anderen Grundriss haben, die M\u00f6bel sind jedoch gleich.","og_url":"https:\/\/www.hotelsanmarcovenice.com\/de\/zimmer\/suite\/","og_site_name":"Albergo San Marco","article_publisher":"https:\/\/www.facebook.com\/people\/Hotel-San-Marco-Venezia\/61561152116167\/","article_modified_time":"2026-03-18T09:11:27+00:00","og_image":[{"width":2200,"height":1200,"url":"https:\/\/www.hotelsanmarcovenice.com\/wp-content\/uploads\/sites\/48\/2026\/01\/albergo_san_marco_slide_00.jpg","type":"image\/jpeg"}],"twitter_card":"summary_large_image","twitter_misc":{"Est. reading time":"1\u00a0Minute"},"schema":{"@context":"https:\/\/schema.org","@graph":[{"@type":"WebPage","@id":"https:\/\/www.hotelsanmarcovenice.com\/de\/zimmer\/suite\/","url":"https:\/\/www.hotelsanmarcovenice.com\/de\/zimmer\/suite\/","name":"Suite - Albergo San Marco -","isPartOf":{"@id":"https:\/\/www.hotelsanmarcovenice.com\/de\/#website"},"datePublished":"2026-01-22T15:58:44+00:00","dateModified":"2026-03-18T09:11:27+00:00","description":"Unsere Suiten sind so konzipiert, dass sie ein Gef\u00fchl der Zugeh\u00f6rigkeit vermitteln und den G\u00e4sten einen Blick auf das umliegende Viertel bieten. Ein separater Wohnbereich bietet die M\u00f6glichkeit, sich in ruhiger Atmosph\u00e4re zu entspannen. Abbildung dient nur zur Veranschaulichung, das zugewiesene Zimmer kann einen anderen Grundriss haben, die M\u00f6bel sind jedoch gleich.","breadcrumb":{"@id":"https:\/\/www.hotelsanmarcovenice.com\/de\/zimmer\/suite\/#breadcrumb"},"inLanguage":"de","potentialAction":[{"@type":"ReadAction","target":["https:\/\/www.hotelsanmarcovenice.com\/de\/zimmer\/suite\/"]}]},{"@type":"BreadcrumbList","@id":"https:\/\/www.hotelsanmarcovenice.com\/de\/zimmer\/suite\/#breadcrumb","itemListElement":[{"@type":"ListItem","position":1,"name":"Home","item":"https:\/\/www.hotelsanmarcovenice.com\/de\/"},{"@type":"ListItem","position":2,"name":"Zimmer","item":"https:\/\/www.hotelsanmarcovenice.com\/de\/zimmer\/"},{"@type":"ListItem","position":3,"name":"Suite"}]},{"@type":"WebSite","@id":"https:\/\/www.hotelsanmarcovenice.com\/de\/#website","url":"https:\/\/www.hotelsanmarcovenice.com\/de\/","name":"Albergo San Marco","description":"","publisher":{"@id":"https:\/\/www.hotelsanmarcovenice.com\/de\/#organization"},"potentialAction":[{"@type":"SearchAction","target":{"@type":"EntryPoint","urlTemplate":"https:\/\/www.hotelsanmarcovenice.com\/de\/?s={search_term_string}"},"query-input":{"@type":"PropertyValueSpecification","valueRequired":true,"valueName":"search_term_string"}}],"inLanguage":"de"},{"@type":"Organization","@id":"https:\/\/www.hotelsanmarcovenice.com\/de\/#organization","name":"Albergo San Marco","url":"https:\/\/www.hotelsanmarcovenice.com\/de\/","logo":{"@type":"ImageObject","inLanguage":"de","@id":"https:\/\/www.hotelsanmarcovenice.com\/de\/#\/schema\/logo\/image\/","url":"https:\/\/www.hotelsanmarcovenice.com\/wp-content\/uploads\/sites\/48\/2026\/02\/logo_albergo_san_marco_def_c.svg","contentUrl":"https:\/\/www.hotelsanmarcovenice.com\/wp-content\/uploads\/sites\/48\/2026\/02\/logo_albergo_san_marco_def_c.svg","width":791,"height":755,"caption":"Albergo San Marco"},"image":{"@id":"https:\/\/www.hotelsanmarcovenice.com\/de\/#\/schema\/logo\/image\/"},"sameAs":["https:\/\/www.facebook.com\/people\/Hotel-San-Marco-Venezia\/61561152116167\/","https:\/\/www.instagram.com\/hotel_san_marco_venezia\/"]}]}},"acf":[],"_links":{"self":[{"href":"https:\/\/www.hotelsanmarcovenice.com\/de\/wp-json\/wp\/v2\/pages\/327","targetHints":{"allow":["GET"]}}],"collection":[{"href":"https:\/\/www.hotelsanmarcovenice.com\/de\/wp-json\/wp\/v2\/pages"}],"about":[{"href":"https:\/\/www.hotelsanmarcovenice.com\/de\/wp-json\/wp\/v2\/types\/page"}],"author":[{"embeddable":true,"href":"https:\/\/www.hotelsanmarcovenice.com\/de\/wp-json\/wp\/v2\/users\/6"}],"replies":[{"embeddable":true,"href":"https:\/\/www.hotelsanmarcovenice.com\/de\/wp-json\/wp\/v2\/comments?post=327"}],"version-history":[{"count":0,"href":"https:\/\/www.hotelsanmarcovenice.com\/de\/wp-json\/wp\/v2\/pages\/327\/revisions"}],"up":[{"embeddable":true,"href":"https:\/\/www.hotelsanmarcovenice.com\/de\/wp-json\/wp\/v2\/pages\/289"}],"wp:attachment":[{"href":"https:\/\/www.hotelsanmarcovenice.com\/de\/wp-json\/wp\/v2\/media?parent=327"}],"curies":[{"name":"wp","href":"https:\/\/api.w.org\/{rel}","templated":true}]}}