{"id":360,"date":"2026-01-22T09:43:50","date_gmt":"2026-01-22T09:43:50","guid":{"rendered":"https:\/\/hotelsanmarcovenice.ms3.decms.eu\/?page_id=360"},"modified":"2026-02-23T17:14:17","modified_gmt":"2026-02-23T17:14:17","slug":"lage","status":"publish","type":"page","link":"https:\/\/www.hotelsanmarcovenice.com\/de\/lage\/","title":{"rendered":"Lage"},"content":{"rendered":"<p>Die Lage des Hotel San Marco in Venedig ist wirklich traumhaft: es befindet sich mitten in der Altstadt und nur wenige Meter vom Markusplatz und von der Dai-Br\u00fccke entfernt. Vom Hotel aus k\u00f6nnen wirklich s\u00e4mtliche Museen, Monumente und Sehensw\u00fcrdigkeiten Venedigs erreicht werden.<\/p>\n<p>Der Markusplatz ist das Herz der Stadt, eine Art Wohnzimmer, das von den eleganten Arkaden der Prokuratien ges\u00e4umt wird, unter welchen die historischen Caf\u00e9s mit ihren Orchestern jedes Jahr einen romantischen und unvergesslichen Moment bescheren, den man sich absolut nicht entgehen lassen sollte!<\/p>\n","protected":false},"excerpt":{"rendered":"<p>Die Lage des Hotel San Marco in Venedig ist wirklich traumhaft: es befindet sich mitten in der Altstadt und nur wenige Meter vom Markusplatz und von der Dai-Br\u00fccke entfernt. Vom Hotel aus k\u00f6nnen wirklich s\u00e4mtliche Museen, Monumente und Sehensw\u00fcrdigkeiten Venedigs erreicht werden. Der Markusplatz ist das Herz der Stadt, eine Art Wohnzimmer, das von den [&hellip;]<\/p>\n","protected":false},"author":6,"featured_media":0,"parent":0,"menu_order":50,"comment_status":"closed","ping_status":"closed","template":"template-location.php","meta":{"footnotes":""},"class_list":["post-360","page","type-page","status-publish","hentry"],"yoast_head":"<!-- This site is optimized with the Yoast SEO plugin v26.9 - https:\/\/yoast.com\/product\/yoast-seo-wordpress\/ -->\n<title>Lage - Albergo San Marco -<\/title>\n<meta name=\"description\" content=\"Die Lage des Hotel San Marco in Venedig ist wirklich traumhaft: es befindet sich mitten in der Altstadt und nur wenige Meter vom Markusplatz und von der Dai-Br\u00fccke entfernt. Vom Hotel aus k\u00f6nnen wirklich s\u00e4mtliche Museen, Monumente und Sehensw\u00fcrdigkeiten Venedigs erreicht werden.  Der Markusplatz ist das Herz der Stadt, eine Art Wohnzimmer, das von den eleganten Arkaden der Prokuratien ges\u00e4umt wird, unter welchen die historischen Caf\u00e9s mit ihren Orchestern jedes Jahr einen romantischen und unvergesslichen Moment bescheren, den man sich absolut nicht entgehen lassen sollte!\" \/>\n<meta name=\"robots\" content=\"index, follow, max-snippet:-1, max-image-preview:large, max-video-preview:-1\" \/>\n<link rel=\"canonical\" href=\"https:\/\/www.hotelsanmarcovenice.com\/de\/lage\/\" \/>\n<meta property=\"og:locale\" content=\"de_DE\" \/>\n<meta property=\"og:type\" content=\"article\" \/>\n<meta property=\"og:title\" content=\"Lage - Albergo San Marco -\" \/>\n<meta property=\"og:description\" content=\"Die Lage des Hotel San Marco in Venedig ist wirklich traumhaft: es befindet sich mitten in der Altstadt und nur wenige Meter vom Markusplatz und von der Dai-Br\u00fccke entfernt. Vom Hotel aus k\u00f6nnen wirklich s\u00e4mtliche Museen, Monumente und Sehensw\u00fcrdigkeiten Venedigs erreicht werden.  Der Markusplatz ist das Herz der Stadt, eine Art Wohnzimmer, das von den eleganten Arkaden der Prokuratien ges\u00e4umt wird, unter welchen die historischen Caf\u00e9s mit ihren Orchestern jedes Jahr einen romantischen und unvergesslichen Moment bescheren, den man sich absolut nicht entgehen lassen sollte!\" \/>\n<meta property=\"og:url\" content=\"https:\/\/www.hotelsanmarcovenice.com\/de\/lage\/\" \/>\n<meta property=\"og:site_name\" content=\"Albergo San Marco\" \/>\n<meta property=\"article:publisher\" content=\"https:\/\/www.facebook.com\/people\/Hotel-San-Marco-Venezia\/61561152116167\/\" \/>\n<meta property=\"article:modified_time\" content=\"2026-02-23T17:14:17+00:00\" \/>\n<meta property=\"og:image\" content=\"https:\/\/www.hotelsanmarcovenice.com\/wp-content\/uploads\/sites\/48\/2026\/01\/albergo_san_marco_slide_00.jpg\" \/>\n\t<meta property=\"og:image:width\" content=\"2200\" \/>\n\t<meta property=\"og:image:height\" content=\"1200\" \/>\n\t<meta property=\"og:image:type\" content=\"image\/jpeg\" \/>\n<meta name=\"twitter:card\" content=\"summary_large_image\" \/>\n<meta name=\"twitter:label1\" content=\"Est. reading time\" \/>\n\t<meta name=\"twitter:data1\" content=\"1\u00a0Minute\" \/>\n<script type=\"application\/ld+json\" class=\"yoast-schema-graph\">{\"@context\":\"https:\/\/schema.org\",\"@graph\":[{\"@type\":\"WebPage\",\"@id\":\"https:\/\/www.hotelsanmarcovenice.com\/de\/lage\/\",\"url\":\"https:\/\/www.hotelsanmarcovenice.com\/de\/lage\/\",\"name\":\"Lage - Albergo San Marco -\",\"isPartOf\":{\"@id\":\"https:\/\/www.hotelsanmarcovenice.com\/de\/#website\"},\"datePublished\":\"2026-01-22T09:43:50+00:00\",\"dateModified\":\"2026-02-23T17:14:17+00:00\",\"description\":\"Die Lage des Hotel San Marco in Venedig ist wirklich traumhaft: es befindet sich mitten in der Altstadt und nur wenige Meter vom Markusplatz und von der Dai-Br\u00fccke entfernt. Vom Hotel aus k\u00f6nnen wirklich s\u00e4mtliche Museen, Monumente und Sehensw\u00fcrdigkeiten Venedigs erreicht werden. Der Markusplatz ist das Herz der Stadt, eine Art Wohnzimmer, das von den eleganten Arkaden der Prokuratien ges\u00e4umt wird, unter welchen die historischen Caf\u00e9s mit ihren Orchestern jedes Jahr einen romantischen und unvergesslichen Moment bescheren, den man sich absolut nicht entgehen lassen sollte!\",\"breadcrumb\":{\"@id\":\"https:\/\/www.hotelsanmarcovenice.com\/de\/lage\/#breadcrumb\"},\"inLanguage\":\"de\",\"potentialAction\":[{\"@type\":\"ReadAction\",\"target\":[\"https:\/\/www.hotelsanmarcovenice.com\/de\/lage\/\"]}]},{\"@type\":\"BreadcrumbList\",\"@id\":\"https:\/\/www.hotelsanmarcovenice.com\/de\/lage\/#breadcrumb\",\"itemListElement\":[{\"@type\":\"ListItem\",\"position\":1,\"name\":\"Home\",\"item\":\"https:\/\/www.hotelsanmarcovenice.com\/de\/\"},{\"@type\":\"ListItem\",\"position\":2,\"name\":\"Lage\"}]},{\"@type\":\"WebSite\",\"@id\":\"https:\/\/www.hotelsanmarcovenice.com\/de\/#website\",\"url\":\"https:\/\/www.hotelsanmarcovenice.com\/de\/\",\"name\":\"Albergo San Marco\",\"description\":\"\",\"publisher\":{\"@id\":\"https:\/\/www.hotelsanmarcovenice.com\/de\/#organization\"},\"potentialAction\":[{\"@type\":\"SearchAction\",\"target\":{\"@type\":\"EntryPoint\",\"urlTemplate\":\"https:\/\/www.hotelsanmarcovenice.com\/de\/?s={search_term_string}\"},\"query-input\":{\"@type\":\"PropertyValueSpecification\",\"valueRequired\":true,\"valueName\":\"search_term_string\"}}],\"inLanguage\":\"de\"},{\"@type\":\"Organization\",\"@id\":\"https:\/\/www.hotelsanmarcovenice.com\/de\/#organization\",\"name\":\"Albergo San Marco\",\"url\":\"https:\/\/www.hotelsanmarcovenice.com\/de\/\",\"logo\":{\"@type\":\"ImageObject\",\"inLanguage\":\"de\",\"@id\":\"https:\/\/www.hotelsanmarcovenice.com\/de\/#\/schema\/logo\/image\/\",\"url\":\"https:\/\/www.hotelsanmarcovenice.com\/wp-content\/uploads\/sites\/48\/2026\/02\/logo_albergo_san_marco_def_c.svg\",\"contentUrl\":\"https:\/\/www.hotelsanmarcovenice.com\/wp-content\/uploads\/sites\/48\/2026\/02\/logo_albergo_san_marco_def_c.svg\",\"width\":791,\"height\":755,\"caption\":\"Albergo San Marco\"},\"image\":{\"@id\":\"https:\/\/www.hotelsanmarcovenice.com\/de\/#\/schema\/logo\/image\/\"},\"sameAs\":[\"https:\/\/www.facebook.com\/people\/Hotel-San-Marco-Venezia\/61561152116167\/\",\"https:\/\/www.instagram.com\/hotel_san_marco_venezia\/\"]}]}<\/script>\n<!-- \/ Yoast SEO plugin. -->","yoast_head_json":{"title":"Lage - Albergo San Marco -","description":"Die Lage des Hotel San Marco in Venedig ist wirklich traumhaft: es befindet sich mitten in der Altstadt und nur wenige Meter vom Markusplatz und von der Dai-Br\u00fccke entfernt. Vom Hotel aus k\u00f6nnen wirklich s\u00e4mtliche Museen, Monumente und Sehensw\u00fcrdigkeiten Venedigs erreicht werden.  Der Markusplatz ist das Herz der Stadt, eine Art Wohnzimmer, das von den eleganten Arkaden der Prokuratien ges\u00e4umt wird, unter welchen die historischen Caf\u00e9s mit ihren Orchestern jedes Jahr einen romantischen und unvergesslichen Moment bescheren, den man sich absolut nicht entgehen lassen sollte!","robots":{"index":"index","follow":"follow","max-snippet":"max-snippet:-1","max-image-preview":"max-image-preview:large","max-video-preview":"max-video-preview:-1"},"canonical":"https:\/\/www.hotelsanmarcovenice.com\/de\/lage\/","og_locale":"de_DE","og_type":"article","og_title":"Lage - Albergo San Marco -","og_description":"Die Lage des Hotel San Marco in Venedig ist wirklich traumhaft: es befindet sich mitten in der Altstadt und nur wenige Meter vom Markusplatz und von der Dai-Br\u00fccke entfernt. Vom Hotel aus k\u00f6nnen wirklich s\u00e4mtliche Museen, Monumente und Sehensw\u00fcrdigkeiten Venedigs erreicht werden.  Der Markusplatz ist das Herz der Stadt, eine Art Wohnzimmer, das von den eleganten Arkaden der Prokuratien ges\u00e4umt wird, unter welchen die historischen Caf\u00e9s mit ihren Orchestern jedes Jahr einen romantischen und unvergesslichen Moment bescheren, den man sich absolut nicht entgehen lassen sollte!","og_url":"https:\/\/www.hotelsanmarcovenice.com\/de\/lage\/","og_site_name":"Albergo San Marco","article_publisher":"https:\/\/www.facebook.com\/people\/Hotel-San-Marco-Venezia\/61561152116167\/","article_modified_time":"2026-02-23T17:14:17+00:00","og_image":[{"width":2200,"height":1200,"url":"https:\/\/www.hotelsanmarcovenice.com\/wp-content\/uploads\/sites\/48\/2026\/01\/albergo_san_marco_slide_00.jpg","type":"image\/jpeg"}],"twitter_card":"summary_large_image","twitter_misc":{"Est. reading time":"1\u00a0Minute"},"schema":{"@context":"https:\/\/schema.org","@graph":[{"@type":"WebPage","@id":"https:\/\/www.hotelsanmarcovenice.com\/de\/lage\/","url":"https:\/\/www.hotelsanmarcovenice.com\/de\/lage\/","name":"Lage - Albergo San Marco -","isPartOf":{"@id":"https:\/\/www.hotelsanmarcovenice.com\/de\/#website"},"datePublished":"2026-01-22T09:43:50+00:00","dateModified":"2026-02-23T17:14:17+00:00","description":"Die Lage des Hotel San Marco in Venedig ist wirklich traumhaft: es befindet sich mitten in der Altstadt und nur wenige Meter vom Markusplatz und von der Dai-Br\u00fccke entfernt. Vom Hotel aus k\u00f6nnen wirklich s\u00e4mtliche Museen, Monumente und Sehensw\u00fcrdigkeiten Venedigs erreicht werden. Der Markusplatz ist das Herz der Stadt, eine Art Wohnzimmer, das von den eleganten Arkaden der Prokuratien ges\u00e4umt wird, unter welchen die historischen Caf\u00e9s mit ihren Orchestern jedes Jahr einen romantischen und unvergesslichen Moment bescheren, den man sich absolut nicht entgehen lassen sollte!","breadcrumb":{"@id":"https:\/\/www.hotelsanmarcovenice.com\/de\/lage\/#breadcrumb"},"inLanguage":"de","potentialAction":[{"@type":"ReadAction","target":["https:\/\/www.hotelsanmarcovenice.com\/de\/lage\/"]}]},{"@type":"BreadcrumbList","@id":"https:\/\/www.hotelsanmarcovenice.com\/de\/lage\/#breadcrumb","itemListElement":[{"@type":"ListItem","position":1,"name":"Home","item":"https:\/\/www.hotelsanmarcovenice.com\/de\/"},{"@type":"ListItem","position":2,"name":"Lage"}]},{"@type":"WebSite","@id":"https:\/\/www.hotelsanmarcovenice.com\/de\/#website","url":"https:\/\/www.hotelsanmarcovenice.com\/de\/","name":"Albergo San Marco","description":"","publisher":{"@id":"https:\/\/www.hotelsanmarcovenice.com\/de\/#organization"},"potentialAction":[{"@type":"SearchAction","target":{"@type":"EntryPoint","urlTemplate":"https:\/\/www.hotelsanmarcovenice.com\/de\/?s={search_term_string}"},"query-input":{"@type":"PropertyValueSpecification","valueRequired":true,"valueName":"search_term_string"}}],"inLanguage":"de"},{"@type":"Organization","@id":"https:\/\/www.hotelsanmarcovenice.com\/de\/#organization","name":"Albergo San Marco","url":"https:\/\/www.hotelsanmarcovenice.com\/de\/","logo":{"@type":"ImageObject","inLanguage":"de","@id":"https:\/\/www.hotelsanmarcovenice.com\/de\/#\/schema\/logo\/image\/","url":"https:\/\/www.hotelsanmarcovenice.com\/wp-content\/uploads\/sites\/48\/2026\/02\/logo_albergo_san_marco_def_c.svg","contentUrl":"https:\/\/www.hotelsanmarcovenice.com\/wp-content\/uploads\/sites\/48\/2026\/02\/logo_albergo_san_marco_def_c.svg","width":791,"height":755,"caption":"Albergo San Marco"},"image":{"@id":"https:\/\/www.hotelsanmarcovenice.com\/de\/#\/schema\/logo\/image\/"},"sameAs":["https:\/\/www.facebook.com\/people\/Hotel-San-Marco-Venezia\/61561152116167\/","https:\/\/www.instagram.com\/hotel_san_marco_venezia\/"]}]}},"acf":[],"_links":{"self":[{"href":"https:\/\/www.hotelsanmarcovenice.com\/de\/wp-json\/wp\/v2\/pages\/360","targetHints":{"allow":["GET"]}}],"collection":[{"href":"https:\/\/www.hotelsanmarcovenice.com\/de\/wp-json\/wp\/v2\/pages"}],"about":[{"href":"https:\/\/www.hotelsanmarcovenice.com\/de\/wp-json\/wp\/v2\/types\/page"}],"author":[{"embeddable":true,"href":"https:\/\/www.hotelsanmarcovenice.com\/de\/wp-json\/wp\/v2\/users\/6"}],"replies":[{"embeddable":true,"href":"https:\/\/www.hotelsanmarcovenice.com\/de\/wp-json\/wp\/v2\/comments?post=360"}],"version-history":[{"count":0,"href":"https:\/\/www.hotelsanmarcovenice.com\/de\/wp-json\/wp\/v2\/pages\/360\/revisions"}],"wp:attachment":[{"href":"https:\/\/www.hotelsanmarcovenice.com\/de\/wp-json\/wp\/v2\/media?parent=360"}],"curies":[{"name":"wp","href":"https:\/\/api.w.org\/{rel}","templated":true}]}}