{"id":375,"date":"2026-01-22T09:47:03","date_gmt":"2026-01-22T09:47:03","guid":{"rendered":"https:\/\/hotelsanmarcovenice.ms3.decms.eu\/?page_id=375"},"modified":"2026-02-13T17:38:20","modified_gmt":"2026-02-13T17:38:20","slug":"umgebung","status":"publish","type":"page","link":"https:\/\/www.hotelsanmarcovenice.com\/de\/umgebung\/","title":{"rendered":"Umgebung"},"content":{"rendered":"<p>Der Dogenpalst, die fantastische Markuskirche und der gen Himmel strebende Glockenturm, der die ganze Stadt beherrscht, erlauben einen Einblick in die Geschichte der venezianischen Republik Serenissima. Ebenso k\u00f6nnen Sie weitere interessante Kunstsch\u00e4tze und sehenswerte Monumente wie den Ratssaal (Sala del Consiglio) oder die ber\u00fchmte Seufzerbr\u00fccke erkunden.<\/p>\n<p>Ein kurzer Spaziergang entlang den Mercerie, der wohl wichigsten Einkaufsstra\u00dfe der Stadt mit ihren vielen Gesch\u00e4ften und L\u00e4den, und schon geht es weiter nach Rialto, wo die original erhaltene Br\u00fccke und das rege Treiben der st\u00e4dtischen Marktst\u00e4nde das Auge der Touristen \u00fcberrascht.<\/p>\n","protected":false},"excerpt":{"rendered":"<p>Der Dogenpalst, die fantastische Markuskirche und der gen Himmel strebende Glockenturm, der die ganze Stadt beherrscht, erlauben einen Einblick in die Geschichte der venezianischen Republik Serenissima. Ebenso k\u00f6nnen Sie weitere interessante Kunstsch\u00e4tze und sehenswerte Monumente wie den Ratssaal (Sala del Consiglio) oder die ber\u00fchmte Seufzerbr\u00fccke erkunden. Ein kurzer Spaziergang entlang den Mercerie, der wohl wichigsten [&hellip;]<\/p>\n","protected":false},"author":6,"featured_media":0,"parent":0,"menu_order":90,"comment_status":"closed","ping_status":"closed","template":"template-surroundings.php","meta":{"footnotes":""},"class_list":["post-375","page","type-page","status-publish","hentry"],"yoast_head":"<!-- This site is optimized with the Yoast SEO plugin v26.9 - https:\/\/yoast.com\/product\/yoast-seo-wordpress\/ -->\n<title>Umgebung - Albergo San Marco -<\/title>\n<meta name=\"description\" content=\"Der Dogenpalst, die fantastische Markuskirche und der gen Himmel strebende Glockenturm, der die ganze Stadt beherrscht, erlauben einen Einblick in die Geschichte der venezianischen Republik Serenissima. Ebenso k\u00f6nnen Sie weitere interessante Kunstsch\u00e4tze und sehenswerte Monumente wie den Ratssaal (Sala del Consiglio) oder die ber\u00fchmte Seufzerbr\u00fccke erkunden.  Ein kurzer Spaziergang entlang den Mercerie, der wohl wichigsten Einkaufsstra\u00dfe der Stadt mit ihren vielen Gesch\u00e4ften und L\u00e4den, und schon geht es weiter nach Rialto, wo die original erhaltene Br\u00fccke und das rege Treiben der st\u00e4dtischen Marktst\u00e4nde das Auge der Touristen \u00fcberrascht.\" \/>\n<meta name=\"robots\" content=\"index, follow, max-snippet:-1, max-image-preview:large, max-video-preview:-1\" \/>\n<link rel=\"canonical\" href=\"https:\/\/www.hotelsanmarcovenice.com\/de\/umgebung\/\" \/>\n<meta property=\"og:locale\" content=\"de_DE\" \/>\n<meta property=\"og:type\" content=\"article\" \/>\n<meta property=\"og:title\" content=\"Umgebung - Albergo San Marco -\" \/>\n<meta property=\"og:description\" content=\"Der Dogenpalst, die fantastische Markuskirche und der gen Himmel strebende Glockenturm, der die ganze Stadt beherrscht, erlauben einen Einblick in die Geschichte der venezianischen Republik Serenissima. Ebenso k\u00f6nnen Sie weitere interessante Kunstsch\u00e4tze und sehenswerte Monumente wie den Ratssaal (Sala del Consiglio) oder die ber\u00fchmte Seufzerbr\u00fccke erkunden.  Ein kurzer Spaziergang entlang den Mercerie, der wohl wichigsten Einkaufsstra\u00dfe der Stadt mit ihren vielen Gesch\u00e4ften und L\u00e4den, und schon geht es weiter nach Rialto, wo die original erhaltene Br\u00fccke und das rege Treiben der st\u00e4dtischen Marktst\u00e4nde das Auge der Touristen \u00fcberrascht.\" \/>\n<meta property=\"og:url\" content=\"https:\/\/www.hotelsanmarcovenice.com\/de\/umgebung\/\" \/>\n<meta property=\"og:site_name\" content=\"Albergo San Marco\" \/>\n<meta property=\"article:publisher\" content=\"https:\/\/www.facebook.com\/people\/Hotel-San-Marco-Venezia\/61561152116167\/\" \/>\n<meta property=\"article:modified_time\" content=\"2026-02-13T17:38:20+00:00\" \/>\n<meta property=\"og:image\" content=\"https:\/\/www.hotelsanmarcovenice.com\/wp-content\/uploads\/sites\/48\/2026\/01\/albergo_san_marco_slide_00.jpg\" \/>\n\t<meta property=\"og:image:width\" content=\"2200\" \/>\n\t<meta property=\"og:image:height\" content=\"1200\" \/>\n\t<meta property=\"og:image:type\" content=\"image\/jpeg\" \/>\n<meta name=\"twitter:card\" content=\"summary_large_image\" \/>\n<meta name=\"twitter:label1\" content=\"Est. reading time\" \/>\n\t<meta name=\"twitter:data1\" content=\"1\u00a0Minute\" \/>\n<script type=\"application\/ld+json\" class=\"yoast-schema-graph\">{\"@context\":\"https:\/\/schema.org\",\"@graph\":[{\"@type\":\"WebPage\",\"@id\":\"https:\/\/www.hotelsanmarcovenice.com\/de\/umgebung\/\",\"url\":\"https:\/\/www.hotelsanmarcovenice.com\/de\/umgebung\/\",\"name\":\"Umgebung - Albergo San Marco -\",\"isPartOf\":{\"@id\":\"https:\/\/www.hotelsanmarcovenice.com\/de\/#website\"},\"datePublished\":\"2026-01-22T09:47:03+00:00\",\"dateModified\":\"2026-02-13T17:38:20+00:00\",\"description\":\"Der Dogenpalst, die fantastische Markuskirche und der gen Himmel strebende Glockenturm, der die ganze Stadt beherrscht, erlauben einen Einblick in die Geschichte der venezianischen Republik Serenissima. Ebenso k\u00f6nnen Sie weitere interessante Kunstsch\u00e4tze und sehenswerte Monumente wie den Ratssaal (Sala del Consiglio) oder die ber\u00fchmte Seufzerbr\u00fccke erkunden. Ein kurzer Spaziergang entlang den Mercerie, der wohl wichigsten Einkaufsstra\u00dfe der Stadt mit ihren vielen Gesch\u00e4ften und L\u00e4den, und schon geht es weiter nach Rialto, wo die original erhaltene Br\u00fccke und das rege Treiben der st\u00e4dtischen Marktst\u00e4nde das Auge der Touristen \u00fcberrascht.\",\"breadcrumb\":{\"@id\":\"https:\/\/www.hotelsanmarcovenice.com\/de\/umgebung\/#breadcrumb\"},\"inLanguage\":\"de\",\"potentialAction\":[{\"@type\":\"ReadAction\",\"target\":[\"https:\/\/www.hotelsanmarcovenice.com\/de\/umgebung\/\"]}]},{\"@type\":\"BreadcrumbList\",\"@id\":\"https:\/\/www.hotelsanmarcovenice.com\/de\/umgebung\/#breadcrumb\",\"itemListElement\":[{\"@type\":\"ListItem\",\"position\":1,\"name\":\"Home\",\"item\":\"https:\/\/www.hotelsanmarcovenice.com\/de\/\"},{\"@type\":\"ListItem\",\"position\":2,\"name\":\"Umgebung\"}]},{\"@type\":\"WebSite\",\"@id\":\"https:\/\/www.hotelsanmarcovenice.com\/de\/#website\",\"url\":\"https:\/\/www.hotelsanmarcovenice.com\/de\/\",\"name\":\"Albergo San Marco\",\"description\":\"\",\"publisher\":{\"@id\":\"https:\/\/www.hotelsanmarcovenice.com\/de\/#organization\"},\"potentialAction\":[{\"@type\":\"SearchAction\",\"target\":{\"@type\":\"EntryPoint\",\"urlTemplate\":\"https:\/\/www.hotelsanmarcovenice.com\/de\/?s={search_term_string}\"},\"query-input\":{\"@type\":\"PropertyValueSpecification\",\"valueRequired\":true,\"valueName\":\"search_term_string\"}}],\"inLanguage\":\"de\"},{\"@type\":\"Organization\",\"@id\":\"https:\/\/www.hotelsanmarcovenice.com\/de\/#organization\",\"name\":\"Albergo San Marco\",\"url\":\"https:\/\/www.hotelsanmarcovenice.com\/de\/\",\"logo\":{\"@type\":\"ImageObject\",\"inLanguage\":\"de\",\"@id\":\"https:\/\/www.hotelsanmarcovenice.com\/de\/#\/schema\/logo\/image\/\",\"url\":\"https:\/\/www.hotelsanmarcovenice.com\/wp-content\/uploads\/sites\/48\/2026\/02\/logo_albergo_san_marco_def_c.svg\",\"contentUrl\":\"https:\/\/www.hotelsanmarcovenice.com\/wp-content\/uploads\/sites\/48\/2026\/02\/logo_albergo_san_marco_def_c.svg\",\"width\":791,\"height\":755,\"caption\":\"Albergo San Marco\"},\"image\":{\"@id\":\"https:\/\/www.hotelsanmarcovenice.com\/de\/#\/schema\/logo\/image\/\"},\"sameAs\":[\"https:\/\/www.facebook.com\/people\/Hotel-San-Marco-Venezia\/61561152116167\/\",\"https:\/\/www.instagram.com\/hotel_san_marco_venezia\/\"]}]}<\/script>\n<!-- \/ Yoast SEO plugin. -->","yoast_head_json":{"title":"Umgebung - Albergo San Marco -","description":"Der Dogenpalst, die fantastische Markuskirche und der gen Himmel strebende Glockenturm, der die ganze Stadt beherrscht, erlauben einen Einblick in die Geschichte der venezianischen Republik Serenissima. Ebenso k\u00f6nnen Sie weitere interessante Kunstsch\u00e4tze und sehenswerte Monumente wie den Ratssaal (Sala del Consiglio) oder die ber\u00fchmte Seufzerbr\u00fccke erkunden.  Ein kurzer Spaziergang entlang den Mercerie, der wohl wichigsten Einkaufsstra\u00dfe der Stadt mit ihren vielen Gesch\u00e4ften und L\u00e4den, und schon geht es weiter nach Rialto, wo die original erhaltene Br\u00fccke und das rege Treiben der st\u00e4dtischen Marktst\u00e4nde das Auge der Touristen \u00fcberrascht.","robots":{"index":"index","follow":"follow","max-snippet":"max-snippet:-1","max-image-preview":"max-image-preview:large","max-video-preview":"max-video-preview:-1"},"canonical":"https:\/\/www.hotelsanmarcovenice.com\/de\/umgebung\/","og_locale":"de_DE","og_type":"article","og_title":"Umgebung - Albergo San Marco -","og_description":"Der Dogenpalst, die fantastische Markuskirche und der gen Himmel strebende Glockenturm, der die ganze Stadt beherrscht, erlauben einen Einblick in die Geschichte der venezianischen Republik Serenissima. Ebenso k\u00f6nnen Sie weitere interessante Kunstsch\u00e4tze und sehenswerte Monumente wie den Ratssaal (Sala del Consiglio) oder die ber\u00fchmte Seufzerbr\u00fccke erkunden.  Ein kurzer Spaziergang entlang den Mercerie, der wohl wichigsten Einkaufsstra\u00dfe der Stadt mit ihren vielen Gesch\u00e4ften und L\u00e4den, und schon geht es weiter nach Rialto, wo die original erhaltene Br\u00fccke und das rege Treiben der st\u00e4dtischen Marktst\u00e4nde das Auge der Touristen \u00fcberrascht.","og_url":"https:\/\/www.hotelsanmarcovenice.com\/de\/umgebung\/","og_site_name":"Albergo San Marco","article_publisher":"https:\/\/www.facebook.com\/people\/Hotel-San-Marco-Venezia\/61561152116167\/","article_modified_time":"2026-02-13T17:38:20+00:00","og_image":[{"width":2200,"height":1200,"url":"https:\/\/www.hotelsanmarcovenice.com\/wp-content\/uploads\/sites\/48\/2026\/01\/albergo_san_marco_slide_00.jpg","type":"image\/jpeg"}],"twitter_card":"summary_large_image","twitter_misc":{"Est. reading time":"1\u00a0Minute"},"schema":{"@context":"https:\/\/schema.org","@graph":[{"@type":"WebPage","@id":"https:\/\/www.hotelsanmarcovenice.com\/de\/umgebung\/","url":"https:\/\/www.hotelsanmarcovenice.com\/de\/umgebung\/","name":"Umgebung - Albergo San Marco -","isPartOf":{"@id":"https:\/\/www.hotelsanmarcovenice.com\/de\/#website"},"datePublished":"2026-01-22T09:47:03+00:00","dateModified":"2026-02-13T17:38:20+00:00","description":"Der Dogenpalst, die fantastische Markuskirche und der gen Himmel strebende Glockenturm, der die ganze Stadt beherrscht, erlauben einen Einblick in die Geschichte der venezianischen Republik Serenissima. Ebenso k\u00f6nnen Sie weitere interessante Kunstsch\u00e4tze und sehenswerte Monumente wie den Ratssaal (Sala del Consiglio) oder die ber\u00fchmte Seufzerbr\u00fccke erkunden. Ein kurzer Spaziergang entlang den Mercerie, der wohl wichigsten Einkaufsstra\u00dfe der Stadt mit ihren vielen Gesch\u00e4ften und L\u00e4den, und schon geht es weiter nach Rialto, wo die original erhaltene Br\u00fccke und das rege Treiben der st\u00e4dtischen Marktst\u00e4nde das Auge der Touristen \u00fcberrascht.","breadcrumb":{"@id":"https:\/\/www.hotelsanmarcovenice.com\/de\/umgebung\/#breadcrumb"},"inLanguage":"de","potentialAction":[{"@type":"ReadAction","target":["https:\/\/www.hotelsanmarcovenice.com\/de\/umgebung\/"]}]},{"@type":"BreadcrumbList","@id":"https:\/\/www.hotelsanmarcovenice.com\/de\/umgebung\/#breadcrumb","itemListElement":[{"@type":"ListItem","position":1,"name":"Home","item":"https:\/\/www.hotelsanmarcovenice.com\/de\/"},{"@type":"ListItem","position":2,"name":"Umgebung"}]},{"@type":"WebSite","@id":"https:\/\/www.hotelsanmarcovenice.com\/de\/#website","url":"https:\/\/www.hotelsanmarcovenice.com\/de\/","name":"Albergo San Marco","description":"","publisher":{"@id":"https:\/\/www.hotelsanmarcovenice.com\/de\/#organization"},"potentialAction":[{"@type":"SearchAction","target":{"@type":"EntryPoint","urlTemplate":"https:\/\/www.hotelsanmarcovenice.com\/de\/?s={search_term_string}"},"query-input":{"@type":"PropertyValueSpecification","valueRequired":true,"valueName":"search_term_string"}}],"inLanguage":"de"},{"@type":"Organization","@id":"https:\/\/www.hotelsanmarcovenice.com\/de\/#organization","name":"Albergo San Marco","url":"https:\/\/www.hotelsanmarcovenice.com\/de\/","logo":{"@type":"ImageObject","inLanguage":"de","@id":"https:\/\/www.hotelsanmarcovenice.com\/de\/#\/schema\/logo\/image\/","url":"https:\/\/www.hotelsanmarcovenice.com\/wp-content\/uploads\/sites\/48\/2026\/02\/logo_albergo_san_marco_def_c.svg","contentUrl":"https:\/\/www.hotelsanmarcovenice.com\/wp-content\/uploads\/sites\/48\/2026\/02\/logo_albergo_san_marco_def_c.svg","width":791,"height":755,"caption":"Albergo San Marco"},"image":{"@id":"https:\/\/www.hotelsanmarcovenice.com\/de\/#\/schema\/logo\/image\/"},"sameAs":["https:\/\/www.facebook.com\/people\/Hotel-San-Marco-Venezia\/61561152116167\/","https:\/\/www.instagram.com\/hotel_san_marco_venezia\/"]}]}},"acf":[],"_links":{"self":[{"href":"https:\/\/www.hotelsanmarcovenice.com\/de\/wp-json\/wp\/v2\/pages\/375","targetHints":{"allow":["GET"]}}],"collection":[{"href":"https:\/\/www.hotelsanmarcovenice.com\/de\/wp-json\/wp\/v2\/pages"}],"about":[{"href":"https:\/\/www.hotelsanmarcovenice.com\/de\/wp-json\/wp\/v2\/types\/page"}],"author":[{"embeddable":true,"href":"https:\/\/www.hotelsanmarcovenice.com\/de\/wp-json\/wp\/v2\/users\/6"}],"replies":[{"embeddable":true,"href":"https:\/\/www.hotelsanmarcovenice.com\/de\/wp-json\/wp\/v2\/comments?post=375"}],"version-history":[{"count":0,"href":"https:\/\/www.hotelsanmarcovenice.com\/de\/wp-json\/wp\/v2\/pages\/375\/revisions"}],"wp:attachment":[{"href":"https:\/\/www.hotelsanmarcovenice.com\/de\/wp-json\/wp\/v2\/media?parent=375"}],"curies":[{"name":"wp","href":"https:\/\/api.w.org\/{rel}","templated":true}]}}