{"id":272,"date":"2026-01-13T14:29:37","date_gmt":"2026-01-13T14:29:37","guid":{"rendered":"https:\/\/hotelsanmarcovenice.ms3.decms.eu\/?page_id=272"},"modified":"2026-02-13T14:09:55","modified_gmt":"2026-02-13T14:09:55","slug":"albergo-san-marco","status":"publish","type":"page","link":"https:\/\/www.hotelsanmarcovenice.com\/es\/","title":{"rendered":"Albergo San Marco"},"content":{"rendered":"<p style=\"text-align: center;\"><em>El Albergo San Marco se encuentra en un edificio hist\u00f3rico que se remonta al <strong>1207<\/strong> d.C. y que se <strong>reestructur\u00f3 en 2024<\/strong> por completo con un estilo que combina el encanto veneciano con l\u00edneas modernas.<\/em><\/p>\n<p style=\"text-align: center;\">El hotel se encuentra justo al lado de <strong>la plaza de San Marcos<\/strong> y, en el centro de Venecia. Aqu\u00ed cada sonrisa es un fiel reflejo de nuestro amor <strong>por la hospitalidad<\/strong> atenta y aut\u00e9ntica. Nuestro hotel pretende ser el hogar de nuestros hu\u00e9spedes en Venecia. Porque sentirse como en casa, es uno de los mayores <strong>lujos<\/strong>.<\/p>\n","protected":false},"excerpt":{"rendered":"<p>El Albergo San Marco se encuentra en un edificio hist\u00f3rico que se remonta al 1207 d.C. y que se reestructur\u00f3 en 2024 por completo con un estilo que combina el encanto veneciano con l\u00edneas modernas. El hotel se encuentra justo al lado de la plaza de San Marcos y, en el centro de Venecia. Aqu\u00ed [&hellip;]<\/p>\n","protected":false},"author":6,"featured_media":0,"parent":0,"menu_order":10,"comment_status":"closed","ping_status":"closed","template":"","meta":{"footnotes":""},"class_list":["post-272","page","type-page","status-publish","hentry"],"yoast_head":"<!-- This site is optimized with the Yoast SEO plugin v26.9 - https:\/\/yoast.com\/product\/yoast-seo-wordpress\/ -->\n<title>Albergo San Marco - Albergo San Marco -<\/title>\n<meta name=\"description\" content=\"El Albergo San Marco se encuentra en un edificio hist\u00f3rico que se remonta al 1207 d.C. y que se reestructur\u00f3 en 2024 por completo con un estilo que combina el encanto veneciano con l\u00edneas modernas. El hotel se encuentra justo al lado de la plaza de San Marcos y, en el centro de Venecia\" \/>\n<meta name=\"robots\" content=\"index, follow, max-snippet:-1, max-image-preview:large, max-video-preview:-1\" \/>\n<link rel=\"canonical\" href=\"https:\/\/www.hotelsanmarcovenice.com\/es\/\" \/>\n<meta property=\"og:locale\" content=\"es_ES\" \/>\n<meta property=\"og:type\" content=\"article\" \/>\n<meta property=\"og:title\" content=\"Albergo San Marco - Albergo San Marco -\" \/>\n<meta property=\"og:description\" content=\"El Albergo San Marco se encuentra en un edificio hist\u00f3rico que se remonta al 1207 d.C. y que se reestructur\u00f3 en 2024 por completo con un estilo que combina el encanto veneciano con l\u00edneas modernas. El hotel se encuentra justo al lado de la plaza de San Marcos y, en el centro de Venecia\" \/>\n<meta property=\"og:url\" content=\"https:\/\/www.hotelsanmarcovenice.com\/es\/\" \/>\n<meta property=\"og:site_name\" content=\"Albergo San Marco\" \/>\n<meta property=\"article:publisher\" content=\"https:\/\/www.facebook.com\/people\/Hotel-San-Marco-Venezia\/61561152116167\/\" \/>\n<meta property=\"article:modified_time\" content=\"2026-02-13T14:09:55+00:00\" \/>\n<meta property=\"og:image\" content=\"https:\/\/www.hotelsanmarcovenice.com\/wp-content\/uploads\/sites\/48\/2026\/01\/albergo_san_marco_slide_00.jpg\" \/>\n\t<meta property=\"og:image:width\" content=\"2200\" \/>\n\t<meta property=\"og:image:height\" content=\"1200\" \/>\n\t<meta property=\"og:image:type\" content=\"image\/jpeg\" \/>\n<meta name=\"twitter:card\" content=\"summary_large_image\" \/>\n<meta name=\"twitter:label1\" content=\"Est. reading time\" \/>\n\t<meta name=\"twitter:data1\" content=\"1 minuto\" \/>\n<script type=\"application\/ld+json\" class=\"yoast-schema-graph\">{\"@context\":\"https:\/\/schema.org\",\"@graph\":[{\"@type\":\"WebPage\",\"@id\":\"https:\/\/www.hotelsanmarcovenice.com\/es\/\",\"url\":\"https:\/\/www.hotelsanmarcovenice.com\/es\/\",\"name\":\"Albergo San Marco - Albergo San Marco -\",\"isPartOf\":{\"@id\":\"https:\/\/www.hotelsanmarcovenice.com\/es\/#website\"},\"datePublished\":\"2026-01-13T14:29:37+00:00\",\"dateModified\":\"2026-02-13T14:09:55+00:00\",\"description\":\"El Albergo San Marco se encuentra en un edificio hist\u00f3rico que se remonta al 1207 d.C. y que se reestructur\u00f3 en 2024 por completo con un estilo que combina el encanto veneciano con l\u00edneas modernas. El hotel se encuentra justo al lado de la plaza de San Marcos y, en el centro de Venecia\",\"breadcrumb\":{\"@id\":\"https:\/\/www.hotelsanmarcovenice.com\/es\/#breadcrumb\"},\"inLanguage\":\"es\",\"potentialAction\":[{\"@type\":\"ReadAction\",\"target\":[\"https:\/\/www.hotelsanmarcovenice.com\/es\/\"]}]},{\"@type\":\"BreadcrumbList\",\"@id\":\"https:\/\/www.hotelsanmarcovenice.com\/es\/#breadcrumb\",\"itemListElement\":[{\"@type\":\"ListItem\",\"position\":1,\"name\":\"Home\",\"item\":\"https:\/\/www.hotelsanmarcovenice.com\/es\/\"},{\"@type\":\"ListItem\",\"position\":2,\"name\":\"Albergo San Marco\"}]},{\"@type\":\"WebSite\",\"@id\":\"https:\/\/www.hotelsanmarcovenice.com\/es\/#website\",\"url\":\"https:\/\/www.hotelsanmarcovenice.com\/es\/\",\"name\":\"Albergo San Marco\",\"description\":\"\",\"publisher\":{\"@id\":\"https:\/\/www.hotelsanmarcovenice.com\/es\/#organization\"},\"potentialAction\":[{\"@type\":\"SearchAction\",\"target\":{\"@type\":\"EntryPoint\",\"urlTemplate\":\"https:\/\/www.hotelsanmarcovenice.com\/es\/?s={search_term_string}\"},\"query-input\":{\"@type\":\"PropertyValueSpecification\",\"valueRequired\":true,\"valueName\":\"search_term_string\"}}],\"inLanguage\":\"es\"},{\"@type\":\"Organization\",\"@id\":\"https:\/\/www.hotelsanmarcovenice.com\/es\/#organization\",\"name\":\"Albergo San Marco\",\"url\":\"https:\/\/www.hotelsanmarcovenice.com\/es\/\",\"logo\":{\"@type\":\"ImageObject\",\"inLanguage\":\"es\",\"@id\":\"https:\/\/www.hotelsanmarcovenice.com\/es\/#\/schema\/logo\/image\/\",\"url\":\"https:\/\/www.hotelsanmarcovenice.com\/wp-content\/uploads\/sites\/48\/2026\/02\/logo_albergo_san_marco_def_c.svg\",\"contentUrl\":\"https:\/\/www.hotelsanmarcovenice.com\/wp-content\/uploads\/sites\/48\/2026\/02\/logo_albergo_san_marco_def_c.svg\",\"width\":791,\"height\":755,\"caption\":\"Albergo San Marco\"},\"image\":{\"@id\":\"https:\/\/www.hotelsanmarcovenice.com\/es\/#\/schema\/logo\/image\/\"},\"sameAs\":[\"https:\/\/www.facebook.com\/people\/Hotel-San-Marco-Venezia\/61561152116167\/\",\"https:\/\/www.instagram.com\/hotel_san_marco_venezia\/\"]}]}<\/script>\n<!-- \/ Yoast SEO plugin. -->","yoast_head_json":{"title":"Albergo San Marco - Albergo San Marco -","description":"El Albergo San Marco se encuentra en un edificio hist\u00f3rico que se remonta al 1207 d.C. y que se reestructur\u00f3 en 2024 por completo con un estilo que combina el encanto veneciano con l\u00edneas modernas. El hotel se encuentra justo al lado de la plaza de San Marcos y, en el centro de Venecia","robots":{"index":"index","follow":"follow","max-snippet":"max-snippet:-1","max-image-preview":"max-image-preview:large","max-video-preview":"max-video-preview:-1"},"canonical":"https:\/\/www.hotelsanmarcovenice.com\/es\/","og_locale":"es_ES","og_type":"article","og_title":"Albergo San Marco - Albergo San Marco -","og_description":"El Albergo San Marco se encuentra en un edificio hist\u00f3rico que se remonta al 1207 d.C. y que se reestructur\u00f3 en 2024 por completo con un estilo que combina el encanto veneciano con l\u00edneas modernas. El hotel se encuentra justo al lado de la plaza de San Marcos y, en el centro de Venecia","og_url":"https:\/\/www.hotelsanmarcovenice.com\/es\/","og_site_name":"Albergo San Marco","article_publisher":"https:\/\/www.facebook.com\/people\/Hotel-San-Marco-Venezia\/61561152116167\/","article_modified_time":"2026-02-13T14:09:55+00:00","og_image":[{"width":2200,"height":1200,"url":"https:\/\/www.hotelsanmarcovenice.com\/wp-content\/uploads\/sites\/48\/2026\/01\/albergo_san_marco_slide_00.jpg","type":"image\/jpeg"}],"twitter_card":"summary_large_image","twitter_misc":{"Est. reading time":"1 minuto"},"schema":{"@context":"https:\/\/schema.org","@graph":[{"@type":"WebPage","@id":"https:\/\/www.hotelsanmarcovenice.com\/es\/","url":"https:\/\/www.hotelsanmarcovenice.com\/es\/","name":"Albergo San Marco - Albergo San Marco -","isPartOf":{"@id":"https:\/\/www.hotelsanmarcovenice.com\/es\/#website"},"datePublished":"2026-01-13T14:29:37+00:00","dateModified":"2026-02-13T14:09:55+00:00","description":"El Albergo San Marco se encuentra en un edificio hist\u00f3rico que se remonta al 1207 d.C. y que se reestructur\u00f3 en 2024 por completo con un estilo que combina el encanto veneciano con l\u00edneas modernas. El hotel se encuentra justo al lado de la plaza de San Marcos y, en el centro de Venecia","breadcrumb":{"@id":"https:\/\/www.hotelsanmarcovenice.com\/es\/#breadcrumb"},"inLanguage":"es","potentialAction":[{"@type":"ReadAction","target":["https:\/\/www.hotelsanmarcovenice.com\/es\/"]}]},{"@type":"BreadcrumbList","@id":"https:\/\/www.hotelsanmarcovenice.com\/es\/#breadcrumb","itemListElement":[{"@type":"ListItem","position":1,"name":"Home","item":"https:\/\/www.hotelsanmarcovenice.com\/es\/"},{"@type":"ListItem","position":2,"name":"Albergo San Marco"}]},{"@type":"WebSite","@id":"https:\/\/www.hotelsanmarcovenice.com\/es\/#website","url":"https:\/\/www.hotelsanmarcovenice.com\/es\/","name":"Albergo San Marco","description":"","publisher":{"@id":"https:\/\/www.hotelsanmarcovenice.com\/es\/#organization"},"potentialAction":[{"@type":"SearchAction","target":{"@type":"EntryPoint","urlTemplate":"https:\/\/www.hotelsanmarcovenice.com\/es\/?s={search_term_string}"},"query-input":{"@type":"PropertyValueSpecification","valueRequired":true,"valueName":"search_term_string"}}],"inLanguage":"es"},{"@type":"Organization","@id":"https:\/\/www.hotelsanmarcovenice.com\/es\/#organization","name":"Albergo San Marco","url":"https:\/\/www.hotelsanmarcovenice.com\/es\/","logo":{"@type":"ImageObject","inLanguage":"es","@id":"https:\/\/www.hotelsanmarcovenice.com\/es\/#\/schema\/logo\/image\/","url":"https:\/\/www.hotelsanmarcovenice.com\/wp-content\/uploads\/sites\/48\/2026\/02\/logo_albergo_san_marco_def_c.svg","contentUrl":"https:\/\/www.hotelsanmarcovenice.com\/wp-content\/uploads\/sites\/48\/2026\/02\/logo_albergo_san_marco_def_c.svg","width":791,"height":755,"caption":"Albergo San Marco"},"image":{"@id":"https:\/\/www.hotelsanmarcovenice.com\/es\/#\/schema\/logo\/image\/"},"sameAs":["https:\/\/www.facebook.com\/people\/Hotel-San-Marco-Venezia\/61561152116167\/","https:\/\/www.instagram.com\/hotel_san_marco_venezia\/"]}]}},"acf":[],"_links":{"self":[{"href":"https:\/\/www.hotelsanmarcovenice.com\/es\/wp-json\/wp\/v2\/pages\/272","targetHints":{"allow":["GET"]}}],"collection":[{"href":"https:\/\/www.hotelsanmarcovenice.com\/es\/wp-json\/wp\/v2\/pages"}],"about":[{"href":"https:\/\/www.hotelsanmarcovenice.com\/es\/wp-json\/wp\/v2\/types\/page"}],"author":[{"embeddable":true,"href":"https:\/\/www.hotelsanmarcovenice.com\/es\/wp-json\/wp\/v2\/users\/6"}],"replies":[{"embeddable":true,"href":"https:\/\/www.hotelsanmarcovenice.com\/es\/wp-json\/wp\/v2\/comments?post=272"}],"version-history":[{"count":0,"href":"https:\/\/www.hotelsanmarcovenice.com\/es\/wp-json\/wp\/v2\/pages\/272\/revisions"}],"wp:attachment":[{"href":"https:\/\/www.hotelsanmarcovenice.com\/es\/wp-json\/wp\/v2\/media?parent=272"}],"curies":[{"name":"wp","href":"https:\/\/api.w.org\/{rel}","templated":true}]}}