{"id":363,"date":"2026-01-22T09:43:50","date_gmt":"2026-01-22T09:43:50","guid":{"rendered":"https:\/\/hotelsanmarcovenice.ms3.decms.eu\/?page_id=363"},"modified":"2026-02-23T17:14:31","modified_gmt":"2026-02-23T17:14:31","slug":"posicion","status":"publish","type":"page","link":"https:\/\/www.hotelsanmarcovenice.com\/es\/posicion\/","title":{"rendered":"Posici\u00f3n"},"content":{"rendered":"<p>La ubicaci\u00f3n en Venecia del Albergo San Marco es de ensue\u00f1o: en pleno casco antiguo, a poqu\u00edsimos metros de la Plaza de San Marcos y del Ponte dei Dai. Un punto desde el cual se tiene acceso a todos los museos, monumentos y atracciones de Venecia.<\/p>\n<p>La Plaza de San Marcos es el coraz\u00f3n de Venecia, un extraordinario sal\u00f3n urbano rodeado de los elegantes p\u00f3rticos de las procuratie, donde se hallan los antiguos caf\u00e9s y sus orquestas, que en todas las estaciones le obsequian con un momento rom\u00e1ntico e inolvidable que no puede perderse.<\/p>\n","protected":false},"excerpt":{"rendered":"<p>La ubicaci\u00f3n en Venecia del Albergo San Marco es de ensue\u00f1o: en pleno casco antiguo, a poqu\u00edsimos metros de la Plaza de San Marcos y del Ponte dei Dai. Un punto desde el cual se tiene acceso a todos los museos, monumentos y atracciones de Venecia. La Plaza de San Marcos es el coraz\u00f3n de [&hellip;]<\/p>\n","protected":false},"author":6,"featured_media":0,"parent":0,"menu_order":50,"comment_status":"closed","ping_status":"closed","template":"template-location.php","meta":{"footnotes":""},"class_list":["post-363","page","type-page","status-publish","hentry"],"yoast_head":"<!-- This site is optimized with the Yoast SEO plugin v26.9 - https:\/\/yoast.com\/product\/yoast-seo-wordpress\/ -->\n<title>Posici\u00f3n - Albergo San Marco -<\/title>\n<meta name=\"description\" content=\"La ubicaci\u00f3n en Venecia del Albergo San Marco es de ensue\u00f1o: en pleno casco antiguo, a poqu\u00edsimos metros de la Plaza de San Marcos y del Ponte dei Dai. Un punto desde el cual se tiene acceso a todos los museos, monumentos y atracciones de Venecia.  La Plaza de San Marcos es el coraz\u00f3n de Venecia, un extraordinario sal\u00f3n urbano rodeado de los elegantes p\u00f3rticos de las procuratie, donde se hallan los antiguos caf\u00e9s y sus orquestas, que en todas las estaciones le obsequian con un momento rom\u00e1ntico e inolvidable que no puede perderse.\" \/>\n<meta name=\"robots\" content=\"index, follow, max-snippet:-1, max-image-preview:large, max-video-preview:-1\" \/>\n<link rel=\"canonical\" href=\"https:\/\/www.hotelsanmarcovenice.com\/es\/posicion\/\" \/>\n<meta property=\"og:locale\" content=\"es_ES\" \/>\n<meta property=\"og:type\" content=\"article\" \/>\n<meta property=\"og:title\" content=\"Posici\u00f3n - Albergo San Marco -\" \/>\n<meta property=\"og:description\" content=\"La ubicaci\u00f3n en Venecia del Albergo San Marco es de ensue\u00f1o: en pleno casco antiguo, a poqu\u00edsimos metros de la Plaza de San Marcos y del Ponte dei Dai. Un punto desde el cual se tiene acceso a todos los museos, monumentos y atracciones de Venecia.  La Plaza de San Marcos es el coraz\u00f3n de Venecia, un extraordinario sal\u00f3n urbano rodeado de los elegantes p\u00f3rticos de las procuratie, donde se hallan los antiguos caf\u00e9s y sus orquestas, que en todas las estaciones le obsequian con un momento rom\u00e1ntico e inolvidable que no puede perderse.\" \/>\n<meta property=\"og:url\" content=\"https:\/\/www.hotelsanmarcovenice.com\/es\/posicion\/\" \/>\n<meta property=\"og:site_name\" content=\"Albergo San Marco\" \/>\n<meta property=\"article:publisher\" content=\"https:\/\/www.facebook.com\/people\/Hotel-San-Marco-Venezia\/61561152116167\/\" \/>\n<meta property=\"article:modified_time\" content=\"2026-02-23T17:14:31+00:00\" \/>\n<meta property=\"og:image\" content=\"https:\/\/www.hotelsanmarcovenice.com\/wp-content\/uploads\/sites\/48\/2026\/01\/albergo_san_marco_slide_00.jpg\" \/>\n\t<meta property=\"og:image:width\" content=\"2200\" \/>\n\t<meta property=\"og:image:height\" content=\"1200\" \/>\n\t<meta property=\"og:image:type\" content=\"image\/jpeg\" \/>\n<meta name=\"twitter:card\" content=\"summary_large_image\" \/>\n<meta name=\"twitter:label1\" content=\"Est. reading time\" \/>\n\t<meta name=\"twitter:data1\" content=\"1 minuto\" \/>\n<script type=\"application\/ld+json\" class=\"yoast-schema-graph\">{\"@context\":\"https:\/\/schema.org\",\"@graph\":[{\"@type\":\"WebPage\",\"@id\":\"https:\/\/www.hotelsanmarcovenice.com\/es\/posicion\/\",\"url\":\"https:\/\/www.hotelsanmarcovenice.com\/es\/posicion\/\",\"name\":\"Posici\u00f3n - Albergo San Marco -\",\"isPartOf\":{\"@id\":\"https:\/\/www.hotelsanmarcovenice.com\/es\/#website\"},\"datePublished\":\"2026-01-22T09:43:50+00:00\",\"dateModified\":\"2026-02-23T17:14:31+00:00\",\"description\":\"La ubicaci\u00f3n en Venecia del Albergo San Marco es de ensue\u00f1o: en pleno casco antiguo, a poqu\u00edsimos metros de la Plaza de San Marcos y del Ponte dei Dai. Un punto desde el cual se tiene acceso a todos los museos, monumentos y atracciones de Venecia. La Plaza de San Marcos es el coraz\u00f3n de Venecia, un extraordinario sal\u00f3n urbano rodeado de los elegantes p\u00f3rticos de las procuratie, donde se hallan los antiguos caf\u00e9s y sus orquestas, que en todas las estaciones le obsequian con un momento rom\u00e1ntico e inolvidable que no puede perderse.\",\"breadcrumb\":{\"@id\":\"https:\/\/www.hotelsanmarcovenice.com\/es\/posicion\/#breadcrumb\"},\"inLanguage\":\"es\",\"potentialAction\":[{\"@type\":\"ReadAction\",\"target\":[\"https:\/\/www.hotelsanmarcovenice.com\/es\/posicion\/\"]}]},{\"@type\":\"BreadcrumbList\",\"@id\":\"https:\/\/www.hotelsanmarcovenice.com\/es\/posicion\/#breadcrumb\",\"itemListElement\":[{\"@type\":\"ListItem\",\"position\":1,\"name\":\"Home\",\"item\":\"https:\/\/www.hotelsanmarcovenice.com\/es\/\"},{\"@type\":\"ListItem\",\"position\":2,\"name\":\"Posici\u00f3n\"}]},{\"@type\":\"WebSite\",\"@id\":\"https:\/\/www.hotelsanmarcovenice.com\/es\/#website\",\"url\":\"https:\/\/www.hotelsanmarcovenice.com\/es\/\",\"name\":\"Albergo San Marco\",\"description\":\"\",\"publisher\":{\"@id\":\"https:\/\/www.hotelsanmarcovenice.com\/es\/#organization\"},\"potentialAction\":[{\"@type\":\"SearchAction\",\"target\":{\"@type\":\"EntryPoint\",\"urlTemplate\":\"https:\/\/www.hotelsanmarcovenice.com\/es\/?s={search_term_string}\"},\"query-input\":{\"@type\":\"PropertyValueSpecification\",\"valueRequired\":true,\"valueName\":\"search_term_string\"}}],\"inLanguage\":\"es\"},{\"@type\":\"Organization\",\"@id\":\"https:\/\/www.hotelsanmarcovenice.com\/es\/#organization\",\"name\":\"Albergo San Marco\",\"url\":\"https:\/\/www.hotelsanmarcovenice.com\/es\/\",\"logo\":{\"@type\":\"ImageObject\",\"inLanguage\":\"es\",\"@id\":\"https:\/\/www.hotelsanmarcovenice.com\/es\/#\/schema\/logo\/image\/\",\"url\":\"https:\/\/www.hotelsanmarcovenice.com\/wp-content\/uploads\/sites\/48\/2026\/02\/logo_albergo_san_marco_def_c.svg\",\"contentUrl\":\"https:\/\/www.hotelsanmarcovenice.com\/wp-content\/uploads\/sites\/48\/2026\/02\/logo_albergo_san_marco_def_c.svg\",\"width\":791,\"height\":755,\"caption\":\"Albergo San Marco\"},\"image\":{\"@id\":\"https:\/\/www.hotelsanmarcovenice.com\/es\/#\/schema\/logo\/image\/\"},\"sameAs\":[\"https:\/\/www.facebook.com\/people\/Hotel-San-Marco-Venezia\/61561152116167\/\",\"https:\/\/www.instagram.com\/hotel_san_marco_venezia\/\"]}]}<\/script>\n<!-- \/ Yoast SEO plugin. -->","yoast_head_json":{"title":"Posici\u00f3n - Albergo San Marco -","description":"La ubicaci\u00f3n en Venecia del Albergo San Marco es de ensue\u00f1o: en pleno casco antiguo, a poqu\u00edsimos metros de la Plaza de San Marcos y del Ponte dei Dai. Un punto desde el cual se tiene acceso a todos los museos, monumentos y atracciones de Venecia.  La Plaza de San Marcos es el coraz\u00f3n de Venecia, un extraordinario sal\u00f3n urbano rodeado de los elegantes p\u00f3rticos de las procuratie, donde se hallan los antiguos caf\u00e9s y sus orquestas, que en todas las estaciones le obsequian con un momento rom\u00e1ntico e inolvidable que no puede perderse.","robots":{"index":"index","follow":"follow","max-snippet":"max-snippet:-1","max-image-preview":"max-image-preview:large","max-video-preview":"max-video-preview:-1"},"canonical":"https:\/\/www.hotelsanmarcovenice.com\/es\/posicion\/","og_locale":"es_ES","og_type":"article","og_title":"Posici\u00f3n - Albergo San Marco -","og_description":"La ubicaci\u00f3n en Venecia del Albergo San Marco es de ensue\u00f1o: en pleno casco antiguo, a poqu\u00edsimos metros de la Plaza de San Marcos y del Ponte dei Dai. Un punto desde el cual se tiene acceso a todos los museos, monumentos y atracciones de Venecia.  La Plaza de San Marcos es el coraz\u00f3n de Venecia, un extraordinario sal\u00f3n urbano rodeado de los elegantes p\u00f3rticos de las procuratie, donde se hallan los antiguos caf\u00e9s y sus orquestas, que en todas las estaciones le obsequian con un momento rom\u00e1ntico e inolvidable que no puede perderse.","og_url":"https:\/\/www.hotelsanmarcovenice.com\/es\/posicion\/","og_site_name":"Albergo San Marco","article_publisher":"https:\/\/www.facebook.com\/people\/Hotel-San-Marco-Venezia\/61561152116167\/","article_modified_time":"2026-02-23T17:14:31+00:00","og_image":[{"width":2200,"height":1200,"url":"https:\/\/www.hotelsanmarcovenice.com\/wp-content\/uploads\/sites\/48\/2026\/01\/albergo_san_marco_slide_00.jpg","type":"image\/jpeg"}],"twitter_card":"summary_large_image","twitter_misc":{"Est. reading time":"1 minuto"},"schema":{"@context":"https:\/\/schema.org","@graph":[{"@type":"WebPage","@id":"https:\/\/www.hotelsanmarcovenice.com\/es\/posicion\/","url":"https:\/\/www.hotelsanmarcovenice.com\/es\/posicion\/","name":"Posici\u00f3n - Albergo San Marco -","isPartOf":{"@id":"https:\/\/www.hotelsanmarcovenice.com\/es\/#website"},"datePublished":"2026-01-22T09:43:50+00:00","dateModified":"2026-02-23T17:14:31+00:00","description":"La ubicaci\u00f3n en Venecia del Albergo San Marco es de ensue\u00f1o: en pleno casco antiguo, a poqu\u00edsimos metros de la Plaza de San Marcos y del Ponte dei Dai. Un punto desde el cual se tiene acceso a todos los museos, monumentos y atracciones de Venecia. La Plaza de San Marcos es el coraz\u00f3n de Venecia, un extraordinario sal\u00f3n urbano rodeado de los elegantes p\u00f3rticos de las procuratie, donde se hallan los antiguos caf\u00e9s y sus orquestas, que en todas las estaciones le obsequian con un momento rom\u00e1ntico e inolvidable que no puede perderse.","breadcrumb":{"@id":"https:\/\/www.hotelsanmarcovenice.com\/es\/posicion\/#breadcrumb"},"inLanguage":"es","potentialAction":[{"@type":"ReadAction","target":["https:\/\/www.hotelsanmarcovenice.com\/es\/posicion\/"]}]},{"@type":"BreadcrumbList","@id":"https:\/\/www.hotelsanmarcovenice.com\/es\/posicion\/#breadcrumb","itemListElement":[{"@type":"ListItem","position":1,"name":"Home","item":"https:\/\/www.hotelsanmarcovenice.com\/es\/"},{"@type":"ListItem","position":2,"name":"Posici\u00f3n"}]},{"@type":"WebSite","@id":"https:\/\/www.hotelsanmarcovenice.com\/es\/#website","url":"https:\/\/www.hotelsanmarcovenice.com\/es\/","name":"Albergo San Marco","description":"","publisher":{"@id":"https:\/\/www.hotelsanmarcovenice.com\/es\/#organization"},"potentialAction":[{"@type":"SearchAction","target":{"@type":"EntryPoint","urlTemplate":"https:\/\/www.hotelsanmarcovenice.com\/es\/?s={search_term_string}"},"query-input":{"@type":"PropertyValueSpecification","valueRequired":true,"valueName":"search_term_string"}}],"inLanguage":"es"},{"@type":"Organization","@id":"https:\/\/www.hotelsanmarcovenice.com\/es\/#organization","name":"Albergo San Marco","url":"https:\/\/www.hotelsanmarcovenice.com\/es\/","logo":{"@type":"ImageObject","inLanguage":"es","@id":"https:\/\/www.hotelsanmarcovenice.com\/es\/#\/schema\/logo\/image\/","url":"https:\/\/www.hotelsanmarcovenice.com\/wp-content\/uploads\/sites\/48\/2026\/02\/logo_albergo_san_marco_def_c.svg","contentUrl":"https:\/\/www.hotelsanmarcovenice.com\/wp-content\/uploads\/sites\/48\/2026\/02\/logo_albergo_san_marco_def_c.svg","width":791,"height":755,"caption":"Albergo San Marco"},"image":{"@id":"https:\/\/www.hotelsanmarcovenice.com\/es\/#\/schema\/logo\/image\/"},"sameAs":["https:\/\/www.facebook.com\/people\/Hotel-San-Marco-Venezia\/61561152116167\/","https:\/\/www.instagram.com\/hotel_san_marco_venezia\/"]}]}},"acf":[],"_links":{"self":[{"href":"https:\/\/www.hotelsanmarcovenice.com\/es\/wp-json\/wp\/v2\/pages\/363","targetHints":{"allow":["GET"]}}],"collection":[{"href":"https:\/\/www.hotelsanmarcovenice.com\/es\/wp-json\/wp\/v2\/pages"}],"about":[{"href":"https:\/\/www.hotelsanmarcovenice.com\/es\/wp-json\/wp\/v2\/types\/page"}],"author":[{"embeddable":true,"href":"https:\/\/www.hotelsanmarcovenice.com\/es\/wp-json\/wp\/v2\/users\/6"}],"replies":[{"embeddable":true,"href":"https:\/\/www.hotelsanmarcovenice.com\/es\/wp-json\/wp\/v2\/comments?post=363"}],"version-history":[{"count":0,"href":"https:\/\/www.hotelsanmarcovenice.com\/es\/wp-json\/wp\/v2\/pages\/363\/revisions"}],"wp:attachment":[{"href":"https:\/\/www.hotelsanmarcovenice.com\/es\/wp-json\/wp\/v2\/media?parent=363"}],"curies":[{"name":"wp","href":"https:\/\/api.w.org\/{rel}","templated":true}]}}