{"id":328,"date":"2026-01-22T15:58:51","date_gmt":"2026-01-22T15:58:51","guid":{"rendered":"https:\/\/hotelsanmarcovenice.ms3.decms.eu\/?page_id=328"},"modified":"2026-03-18T09:14:51","modified_gmt":"2026-03-18T09:14:51","slug":"superior","status":"publish","type":"page","link":"https:\/\/www.hotelsanmarcovenice.com\/fr\/chambres\/superior\/","title":{"rendered":"Superior"},"content":{"rendered":"<p>Nos chambres Superior lit King Size sont plac\u00e9es sous le signe du bien-\u00eatre et de la qualit\u00e9 du temps. L\u2019environnement devient encore plus confortable gr\u00e2ce au soin apport\u00e9 aux d\u00e9tails, comme la machine \u00e0 caf\u00e9 espresso personnelle.<\/p>\n<p>Image non contractuelle, la chambre attribu\u00e9e peut avoir une configuration diff\u00e9rente, m\u00eame mobilier.<\/p>\n","protected":false},"excerpt":{"rendered":"<p>Nos chambres Superior lit King Size sont plac\u00e9es sous le signe du bien-\u00eatre et de la qualit\u00e9 du temps. L\u2019environnement devient encore plus confortable gr\u00e2ce au soin apport\u00e9 aux d\u00e9tails, comme la machine \u00e0 caf\u00e9 espresso personnelle. Image non contractuelle, la chambre attribu\u00e9e peut avoir une configuration diff\u00e9rente, m\u00eame mobilier.<\/p>\n","protected":false},"author":6,"featured_media":0,"parent":288,"menu_order":20,"comment_status":"closed","ping_status":"closed","template":"template-single-room.php","meta":{"footnotes":""},"class_list":["post-328","page","type-page","status-publish","hentry"],"yoast_head":"<!-- This site is optimized with the Yoast SEO plugin v26.9 - https:\/\/yoast.com\/product\/yoast-seo-wordpress\/ -->\n<title>Superior - Albergo San Marco -<\/title>\n<meta name=\"description\" content=\"Nos chambres Superior lit King Size sont plac\u00e9es sous le signe du bien-\u00eatre et de la qualit\u00e9 du temps. L\u2019environnement devient encore plus confortable gr\u00e2ce au soin apport\u00e9 aux d\u00e9tails, comme la machine \u00e0 caf\u00e9 espresso personnelle.  Image non contractuelle, la chambre attribu\u00e9e peut avoir une configuration diff\u00e9rente, m\u00eame mobilier.\" \/>\n<meta name=\"robots\" content=\"index, follow, max-snippet:-1, max-image-preview:large, max-video-preview:-1\" \/>\n<link rel=\"canonical\" href=\"https:\/\/www.hotelsanmarcovenice.com\/fr\/chambres\/superior\/\" \/>\n<meta property=\"og:locale\" content=\"fr_FR\" \/>\n<meta property=\"og:type\" content=\"article\" \/>\n<meta property=\"og:title\" content=\"Superior - Albergo San Marco -\" \/>\n<meta property=\"og:description\" content=\"Nos chambres Superior lit King Size sont plac\u00e9es sous le signe du bien-\u00eatre et de la qualit\u00e9 du temps. L\u2019environnement devient encore plus confortable gr\u00e2ce au soin apport\u00e9 aux d\u00e9tails, comme la machine \u00e0 caf\u00e9 espresso personnelle.  Image non contractuelle, la chambre attribu\u00e9e peut avoir une configuration diff\u00e9rente, m\u00eame mobilier.\" \/>\n<meta property=\"og:url\" content=\"https:\/\/www.hotelsanmarcovenice.com\/fr\/chambres\/superior\/\" \/>\n<meta property=\"og:site_name\" content=\"Albergo San Marco\" \/>\n<meta property=\"article:publisher\" content=\"https:\/\/www.facebook.com\/people\/Hotel-San-Marco-Venezia\/61561152116167\/\" \/>\n<meta property=\"article:modified_time\" content=\"2026-03-18T09:14:51+00:00\" \/>\n<meta property=\"og:image\" content=\"https:\/\/www.hotelsanmarcovenice.com\/wp-content\/uploads\/sites\/48\/2026\/01\/albergo_san_marco_slide_00.jpg\" \/>\n\t<meta property=\"og:image:width\" content=\"2200\" \/>\n\t<meta property=\"og:image:height\" content=\"1200\" \/>\n\t<meta property=\"og:image:type\" content=\"image\/jpeg\" \/>\n<meta name=\"twitter:card\" content=\"summary_large_image\" \/>\n<meta name=\"twitter:label1\" content=\"Est. reading time\" \/>\n\t<meta name=\"twitter:data1\" content=\"1 minute\" \/>\n<script type=\"application\/ld+json\" class=\"yoast-schema-graph\">{\"@context\":\"https:\/\/schema.org\",\"@graph\":[{\"@type\":\"WebPage\",\"@id\":\"https:\/\/www.hotelsanmarcovenice.com\/fr\/chambres\/superior\/\",\"url\":\"https:\/\/www.hotelsanmarcovenice.com\/fr\/chambres\/superior\/\",\"name\":\"Superior - Albergo San Marco -\",\"isPartOf\":{\"@id\":\"https:\/\/www.hotelsanmarcovenice.com\/fr\/#website\"},\"datePublished\":\"2026-01-22T15:58:51+00:00\",\"dateModified\":\"2026-03-18T09:14:51+00:00\",\"description\":\"Nos chambres Superior lit King Size sont plac\u00e9es sous le signe du bien-\u00eatre et de la qualit\u00e9 du temps. L\u2019environnement devient encore plus confortable gr\u00e2ce au soin apport\u00e9 aux d\u00e9tails, comme la machine \u00e0 caf\u00e9 espresso personnelle. Image non contractuelle, la chambre attribu\u00e9e peut avoir une configuration diff\u00e9rente, m\u00eame mobilier.\",\"breadcrumb\":{\"@id\":\"https:\/\/www.hotelsanmarcovenice.com\/fr\/chambres\/superior\/#breadcrumb\"},\"inLanguage\":\"fr-FR\",\"potentialAction\":[{\"@type\":\"ReadAction\",\"target\":[\"https:\/\/www.hotelsanmarcovenice.com\/fr\/chambres\/superior\/\"]}]},{\"@type\":\"BreadcrumbList\",\"@id\":\"https:\/\/www.hotelsanmarcovenice.com\/fr\/chambres\/superior\/#breadcrumb\",\"itemListElement\":[{\"@type\":\"ListItem\",\"position\":1,\"name\":\"Home\",\"item\":\"https:\/\/www.hotelsanmarcovenice.com\/fr\/\"},{\"@type\":\"ListItem\",\"position\":2,\"name\":\"Chambres\",\"item\":\"https:\/\/www.hotelsanmarcovenice.com\/fr\/chambres\/\"},{\"@type\":\"ListItem\",\"position\":3,\"name\":\"Superior\"}]},{\"@type\":\"WebSite\",\"@id\":\"https:\/\/www.hotelsanmarcovenice.com\/fr\/#website\",\"url\":\"https:\/\/www.hotelsanmarcovenice.com\/fr\/\",\"name\":\"Albergo San Marco\",\"description\":\"\",\"publisher\":{\"@id\":\"https:\/\/www.hotelsanmarcovenice.com\/fr\/#organization\"},\"potentialAction\":[{\"@type\":\"SearchAction\",\"target\":{\"@type\":\"EntryPoint\",\"urlTemplate\":\"https:\/\/www.hotelsanmarcovenice.com\/fr\/?s={search_term_string}\"},\"query-input\":{\"@type\":\"PropertyValueSpecification\",\"valueRequired\":true,\"valueName\":\"search_term_string\"}}],\"inLanguage\":\"fr-FR\"},{\"@type\":\"Organization\",\"@id\":\"https:\/\/www.hotelsanmarcovenice.com\/fr\/#organization\",\"name\":\"Albergo San Marco\",\"url\":\"https:\/\/www.hotelsanmarcovenice.com\/fr\/\",\"logo\":{\"@type\":\"ImageObject\",\"inLanguage\":\"fr-FR\",\"@id\":\"https:\/\/www.hotelsanmarcovenice.com\/fr\/#\/schema\/logo\/image\/\",\"url\":\"https:\/\/www.hotelsanmarcovenice.com\/wp-content\/uploads\/sites\/48\/2026\/02\/logo_albergo_san_marco_def_c.svg\",\"contentUrl\":\"https:\/\/www.hotelsanmarcovenice.com\/wp-content\/uploads\/sites\/48\/2026\/02\/logo_albergo_san_marco_def_c.svg\",\"width\":791,\"height\":755,\"caption\":\"Albergo San Marco\"},\"image\":{\"@id\":\"https:\/\/www.hotelsanmarcovenice.com\/fr\/#\/schema\/logo\/image\/\"},\"sameAs\":[\"https:\/\/www.facebook.com\/people\/Hotel-San-Marco-Venezia\/61561152116167\/\",\"https:\/\/www.instagram.com\/hotel_san_marco_venezia\/\"]}]}<\/script>\n<!-- \/ Yoast SEO plugin. -->","yoast_head_json":{"title":"Superior - Albergo San Marco -","description":"Nos chambres Superior lit King Size sont plac\u00e9es sous le signe du bien-\u00eatre et de la qualit\u00e9 du temps. L\u2019environnement devient encore plus confortable gr\u00e2ce au soin apport\u00e9 aux d\u00e9tails, comme la machine \u00e0 caf\u00e9 espresso personnelle.  Image non contractuelle, la chambre attribu\u00e9e peut avoir une configuration diff\u00e9rente, m\u00eame mobilier.","robots":{"index":"index","follow":"follow","max-snippet":"max-snippet:-1","max-image-preview":"max-image-preview:large","max-video-preview":"max-video-preview:-1"},"canonical":"https:\/\/www.hotelsanmarcovenice.com\/fr\/chambres\/superior\/","og_locale":"fr_FR","og_type":"article","og_title":"Superior - Albergo San Marco -","og_description":"Nos chambres Superior lit King Size sont plac\u00e9es sous le signe du bien-\u00eatre et de la qualit\u00e9 du temps. L\u2019environnement devient encore plus confortable gr\u00e2ce au soin apport\u00e9 aux d\u00e9tails, comme la machine \u00e0 caf\u00e9 espresso personnelle.  Image non contractuelle, la chambre attribu\u00e9e peut avoir une configuration diff\u00e9rente, m\u00eame mobilier.","og_url":"https:\/\/www.hotelsanmarcovenice.com\/fr\/chambres\/superior\/","og_site_name":"Albergo San Marco","article_publisher":"https:\/\/www.facebook.com\/people\/Hotel-San-Marco-Venezia\/61561152116167\/","article_modified_time":"2026-03-18T09:14:51+00:00","og_image":[{"width":2200,"height":1200,"url":"https:\/\/www.hotelsanmarcovenice.com\/wp-content\/uploads\/sites\/48\/2026\/01\/albergo_san_marco_slide_00.jpg","type":"image\/jpeg"}],"twitter_card":"summary_large_image","twitter_misc":{"Est. reading time":"1 minute"},"schema":{"@context":"https:\/\/schema.org","@graph":[{"@type":"WebPage","@id":"https:\/\/www.hotelsanmarcovenice.com\/fr\/chambres\/superior\/","url":"https:\/\/www.hotelsanmarcovenice.com\/fr\/chambres\/superior\/","name":"Superior - Albergo San Marco -","isPartOf":{"@id":"https:\/\/www.hotelsanmarcovenice.com\/fr\/#website"},"datePublished":"2026-01-22T15:58:51+00:00","dateModified":"2026-03-18T09:14:51+00:00","description":"Nos chambres Superior lit King Size sont plac\u00e9es sous le signe du bien-\u00eatre et de la qualit\u00e9 du temps. L\u2019environnement devient encore plus confortable gr\u00e2ce au soin apport\u00e9 aux d\u00e9tails, comme la machine \u00e0 caf\u00e9 espresso personnelle. Image non contractuelle, la chambre attribu\u00e9e peut avoir une configuration diff\u00e9rente, m\u00eame mobilier.","breadcrumb":{"@id":"https:\/\/www.hotelsanmarcovenice.com\/fr\/chambres\/superior\/#breadcrumb"},"inLanguage":"fr-FR","potentialAction":[{"@type":"ReadAction","target":["https:\/\/www.hotelsanmarcovenice.com\/fr\/chambres\/superior\/"]}]},{"@type":"BreadcrumbList","@id":"https:\/\/www.hotelsanmarcovenice.com\/fr\/chambres\/superior\/#breadcrumb","itemListElement":[{"@type":"ListItem","position":1,"name":"Home","item":"https:\/\/www.hotelsanmarcovenice.com\/fr\/"},{"@type":"ListItem","position":2,"name":"Chambres","item":"https:\/\/www.hotelsanmarcovenice.com\/fr\/chambres\/"},{"@type":"ListItem","position":3,"name":"Superior"}]},{"@type":"WebSite","@id":"https:\/\/www.hotelsanmarcovenice.com\/fr\/#website","url":"https:\/\/www.hotelsanmarcovenice.com\/fr\/","name":"Albergo San Marco","description":"","publisher":{"@id":"https:\/\/www.hotelsanmarcovenice.com\/fr\/#organization"},"potentialAction":[{"@type":"SearchAction","target":{"@type":"EntryPoint","urlTemplate":"https:\/\/www.hotelsanmarcovenice.com\/fr\/?s={search_term_string}"},"query-input":{"@type":"PropertyValueSpecification","valueRequired":true,"valueName":"search_term_string"}}],"inLanguage":"fr-FR"},{"@type":"Organization","@id":"https:\/\/www.hotelsanmarcovenice.com\/fr\/#organization","name":"Albergo San Marco","url":"https:\/\/www.hotelsanmarcovenice.com\/fr\/","logo":{"@type":"ImageObject","inLanguage":"fr-FR","@id":"https:\/\/www.hotelsanmarcovenice.com\/fr\/#\/schema\/logo\/image\/","url":"https:\/\/www.hotelsanmarcovenice.com\/wp-content\/uploads\/sites\/48\/2026\/02\/logo_albergo_san_marco_def_c.svg","contentUrl":"https:\/\/www.hotelsanmarcovenice.com\/wp-content\/uploads\/sites\/48\/2026\/02\/logo_albergo_san_marco_def_c.svg","width":791,"height":755,"caption":"Albergo San Marco"},"image":{"@id":"https:\/\/www.hotelsanmarcovenice.com\/fr\/#\/schema\/logo\/image\/"},"sameAs":["https:\/\/www.facebook.com\/people\/Hotel-San-Marco-Venezia\/61561152116167\/","https:\/\/www.instagram.com\/hotel_san_marco_venezia\/"]}]}},"acf":[],"_links":{"self":[{"href":"https:\/\/www.hotelsanmarcovenice.com\/fr\/wp-json\/wp\/v2\/pages\/328","targetHints":{"allow":["GET"]}}],"collection":[{"href":"https:\/\/www.hotelsanmarcovenice.com\/fr\/wp-json\/wp\/v2\/pages"}],"about":[{"href":"https:\/\/www.hotelsanmarcovenice.com\/fr\/wp-json\/wp\/v2\/types\/page"}],"author":[{"embeddable":true,"href":"https:\/\/www.hotelsanmarcovenice.com\/fr\/wp-json\/wp\/v2\/users\/6"}],"replies":[{"embeddable":true,"href":"https:\/\/www.hotelsanmarcovenice.com\/fr\/wp-json\/wp\/v2\/comments?post=328"}],"version-history":[{"count":0,"href":"https:\/\/www.hotelsanmarcovenice.com\/fr\/wp-json\/wp\/v2\/pages\/328\/revisions"}],"up":[{"embeddable":true,"href":"https:\/\/www.hotelsanmarcovenice.com\/fr\/wp-json\/wp\/v2\/pages\/288"}],"wp:attachment":[{"href":"https:\/\/www.hotelsanmarcovenice.com\/fr\/wp-json\/wp\/v2\/media?parent=328"}],"curies":[{"name":"wp","href":"https:\/\/api.w.org\/{rel}","templated":true}]}}