{"id":334,"date":"2026-01-22T15:58:55","date_gmt":"2026-01-22T15:58:55","guid":{"rendered":"https:\/\/hotelsanmarcovenice.ms3.decms.eu\/?page_id=334"},"modified":"2026-02-23T17:09:46","modified_gmt":"2026-02-23T17:09:46","slug":"classique-francaise","status":"publish","type":"page","link":"https:\/\/www.hotelsanmarcovenice.com\/fr\/chambres\/classique-francaise\/","title":{"rendered":"Classique Fran\u00e7aise"},"content":{"rendered":"<p>Nos chambres Classic ont \u00e9t\u00e9 con\u00e7ues pour cr\u00e9er un cadre relaxant pour votre week-end ou votre long s\u00e9jour \u00e0 Venise, avec un lit double confortable et une salle de bains de conception moderne.<\/p>\n<p>Image non contractuelle, la chambre attribu\u00e9e peut avoir une configuration diff\u00e9rente, m\u00eame mobilier.<\/p>\n","protected":false},"excerpt":{"rendered":"<p>Nos chambres Classic ont \u00e9t\u00e9 con\u00e7ues pour cr\u00e9er un cadre relaxant pour votre week-end ou votre long s\u00e9jour \u00e0 Venise, avec un lit double confortable et une salle de bains de conception moderne. Image non contractuelle, la chambre attribu\u00e9e peut avoir une configuration diff\u00e9rente, m\u00eame mobilier.<\/p>\n","protected":false},"author":6,"featured_media":0,"parent":288,"menu_order":30,"comment_status":"closed","ping_status":"closed","template":"template-single-room.php","meta":{"footnotes":""},"class_list":["post-334","page","type-page","status-publish","hentry"],"yoast_head":"<!-- This site is optimized with the Yoast SEO plugin v26.9 - https:\/\/yoast.com\/product\/yoast-seo-wordpress\/ -->\n<title>Classique Fran\u00e7aise - Albergo San Marco -<\/title>\n<meta name=\"description\" content=\"Nos chambres Classic ont \u00e9t\u00e9 con\u00e7ues pour cr\u00e9er un cadre relaxant pour votre week-end ou votre long s\u00e9jour \u00e0 Venise, avec un lit double confortable et une salle de bains de conception moderne.  Image non contractuelle, la chambre attribu\u00e9e peut avoir une configuration diff\u00e9rente, m\u00eame mobilier..\" \/>\n<meta name=\"robots\" content=\"index, follow, max-snippet:-1, max-image-preview:large, max-video-preview:-1\" \/>\n<link rel=\"canonical\" href=\"https:\/\/www.hotelsanmarcovenice.com\/fr\/chambres\/classique-francaise\/\" \/>\n<meta property=\"og:locale\" content=\"fr_FR\" \/>\n<meta property=\"og:type\" content=\"article\" \/>\n<meta property=\"og:title\" content=\"Classique Fran\u00e7aise - Albergo San Marco -\" \/>\n<meta property=\"og:description\" content=\"Nos chambres Classic ont \u00e9t\u00e9 con\u00e7ues pour cr\u00e9er un cadre relaxant pour votre week-end ou votre long s\u00e9jour \u00e0 Venise, avec un lit double confortable et une salle de bains de conception moderne.  Image non contractuelle, la chambre attribu\u00e9e peut avoir une configuration diff\u00e9rente, m\u00eame mobilier..\" \/>\n<meta property=\"og:url\" content=\"https:\/\/www.hotelsanmarcovenice.com\/fr\/chambres\/classique-francaise\/\" \/>\n<meta property=\"og:site_name\" content=\"Albergo San Marco\" \/>\n<meta property=\"article:publisher\" content=\"https:\/\/www.facebook.com\/people\/Hotel-San-Marco-Venezia\/61561152116167\/\" \/>\n<meta property=\"article:modified_time\" content=\"2026-02-23T17:09:46+00:00\" \/>\n<meta property=\"og:image\" content=\"https:\/\/www.hotelsanmarcovenice.com\/wp-content\/uploads\/sites\/48\/2026\/01\/albergo_san_marco_slide_00.jpg\" \/>\n\t<meta property=\"og:image:width\" content=\"2200\" \/>\n\t<meta property=\"og:image:height\" content=\"1200\" \/>\n\t<meta property=\"og:image:type\" content=\"image\/jpeg\" \/>\n<meta name=\"twitter:card\" content=\"summary_large_image\" \/>\n<meta name=\"twitter:label1\" content=\"Est. reading time\" \/>\n\t<meta name=\"twitter:data1\" content=\"1 minute\" \/>\n<script type=\"application\/ld+json\" class=\"yoast-schema-graph\">{\"@context\":\"https:\/\/schema.org\",\"@graph\":[{\"@type\":\"WebPage\",\"@id\":\"https:\/\/www.hotelsanmarcovenice.com\/fr\/chambres\/classique-francaise\/\",\"url\":\"https:\/\/www.hotelsanmarcovenice.com\/fr\/chambres\/classique-francaise\/\",\"name\":\"Classique Fran\u00e7aise - Albergo San Marco -\",\"isPartOf\":{\"@id\":\"https:\/\/www.hotelsanmarcovenice.com\/fr\/#website\"},\"datePublished\":\"2026-01-22T15:58:55+00:00\",\"dateModified\":\"2026-02-23T17:09:46+00:00\",\"description\":\"Nos chambres Classic ont \u00e9t\u00e9 con\u00e7ues pour cr\u00e9er un cadre relaxant pour votre week-end ou votre long s\u00e9jour \u00e0 Venise, avec un lit double confortable et une salle de bains de conception moderne. Image non contractuelle, la chambre attribu\u00e9e peut avoir une configuration diff\u00e9rente, m\u00eame mobilier..\",\"breadcrumb\":{\"@id\":\"https:\/\/www.hotelsanmarcovenice.com\/fr\/chambres\/classique-francaise\/#breadcrumb\"},\"inLanguage\":\"fr-FR\",\"potentialAction\":[{\"@type\":\"ReadAction\",\"target\":[\"https:\/\/www.hotelsanmarcovenice.com\/fr\/chambres\/classique-francaise\/\"]}]},{\"@type\":\"BreadcrumbList\",\"@id\":\"https:\/\/www.hotelsanmarcovenice.com\/fr\/chambres\/classique-francaise\/#breadcrumb\",\"itemListElement\":[{\"@type\":\"ListItem\",\"position\":1,\"name\":\"Home\",\"item\":\"https:\/\/www.hotelsanmarcovenice.com\/fr\/\"},{\"@type\":\"ListItem\",\"position\":2,\"name\":\"Chambres\",\"item\":\"https:\/\/www.hotelsanmarcovenice.com\/fr\/chambres\/\"},{\"@type\":\"ListItem\",\"position\":3,\"name\":\"Classique Fran\u00e7aise\"}]},{\"@type\":\"WebSite\",\"@id\":\"https:\/\/www.hotelsanmarcovenice.com\/fr\/#website\",\"url\":\"https:\/\/www.hotelsanmarcovenice.com\/fr\/\",\"name\":\"Albergo San Marco\",\"description\":\"\",\"publisher\":{\"@id\":\"https:\/\/www.hotelsanmarcovenice.com\/fr\/#organization\"},\"potentialAction\":[{\"@type\":\"SearchAction\",\"target\":{\"@type\":\"EntryPoint\",\"urlTemplate\":\"https:\/\/www.hotelsanmarcovenice.com\/fr\/?s={search_term_string}\"},\"query-input\":{\"@type\":\"PropertyValueSpecification\",\"valueRequired\":true,\"valueName\":\"search_term_string\"}}],\"inLanguage\":\"fr-FR\"},{\"@type\":\"Organization\",\"@id\":\"https:\/\/www.hotelsanmarcovenice.com\/fr\/#organization\",\"name\":\"Albergo San Marco\",\"url\":\"https:\/\/www.hotelsanmarcovenice.com\/fr\/\",\"logo\":{\"@type\":\"ImageObject\",\"inLanguage\":\"fr-FR\",\"@id\":\"https:\/\/www.hotelsanmarcovenice.com\/fr\/#\/schema\/logo\/image\/\",\"url\":\"https:\/\/www.hotelsanmarcovenice.com\/wp-content\/uploads\/sites\/48\/2026\/02\/logo_albergo_san_marco_def_c.svg\",\"contentUrl\":\"https:\/\/www.hotelsanmarcovenice.com\/wp-content\/uploads\/sites\/48\/2026\/02\/logo_albergo_san_marco_def_c.svg\",\"width\":791,\"height\":755,\"caption\":\"Albergo San Marco\"},\"image\":{\"@id\":\"https:\/\/www.hotelsanmarcovenice.com\/fr\/#\/schema\/logo\/image\/\"},\"sameAs\":[\"https:\/\/www.facebook.com\/people\/Hotel-San-Marco-Venezia\/61561152116167\/\",\"https:\/\/www.instagram.com\/hotel_san_marco_venezia\/\"]}]}<\/script>\n<!-- \/ Yoast SEO plugin. -->","yoast_head_json":{"title":"Classique Fran\u00e7aise - Albergo San Marco -","description":"Nos chambres Classic ont \u00e9t\u00e9 con\u00e7ues pour cr\u00e9er un cadre relaxant pour votre week-end ou votre long s\u00e9jour \u00e0 Venise, avec un lit double confortable et une salle de bains de conception moderne.  Image non contractuelle, la chambre attribu\u00e9e peut avoir une configuration diff\u00e9rente, m\u00eame mobilier..","robots":{"index":"index","follow":"follow","max-snippet":"max-snippet:-1","max-image-preview":"max-image-preview:large","max-video-preview":"max-video-preview:-1"},"canonical":"https:\/\/www.hotelsanmarcovenice.com\/fr\/chambres\/classique-francaise\/","og_locale":"fr_FR","og_type":"article","og_title":"Classique Fran\u00e7aise - Albergo San Marco -","og_description":"Nos chambres Classic ont \u00e9t\u00e9 con\u00e7ues pour cr\u00e9er un cadre relaxant pour votre week-end ou votre long s\u00e9jour \u00e0 Venise, avec un lit double confortable et une salle de bains de conception moderne.  Image non contractuelle, la chambre attribu\u00e9e peut avoir une configuration diff\u00e9rente, m\u00eame mobilier..","og_url":"https:\/\/www.hotelsanmarcovenice.com\/fr\/chambres\/classique-francaise\/","og_site_name":"Albergo San Marco","article_publisher":"https:\/\/www.facebook.com\/people\/Hotel-San-Marco-Venezia\/61561152116167\/","article_modified_time":"2026-02-23T17:09:46+00:00","og_image":[{"width":2200,"height":1200,"url":"https:\/\/www.hotelsanmarcovenice.com\/wp-content\/uploads\/sites\/48\/2026\/01\/albergo_san_marco_slide_00.jpg","type":"image\/jpeg"}],"twitter_card":"summary_large_image","twitter_misc":{"Est. reading time":"1 minute"},"schema":{"@context":"https:\/\/schema.org","@graph":[{"@type":"WebPage","@id":"https:\/\/www.hotelsanmarcovenice.com\/fr\/chambres\/classique-francaise\/","url":"https:\/\/www.hotelsanmarcovenice.com\/fr\/chambres\/classique-francaise\/","name":"Classique Fran\u00e7aise - Albergo San Marco -","isPartOf":{"@id":"https:\/\/www.hotelsanmarcovenice.com\/fr\/#website"},"datePublished":"2026-01-22T15:58:55+00:00","dateModified":"2026-02-23T17:09:46+00:00","description":"Nos chambres Classic ont \u00e9t\u00e9 con\u00e7ues pour cr\u00e9er un cadre relaxant pour votre week-end ou votre long s\u00e9jour \u00e0 Venise, avec un lit double confortable et une salle de bains de conception moderne. Image non contractuelle, la chambre attribu\u00e9e peut avoir une configuration diff\u00e9rente, m\u00eame mobilier..","breadcrumb":{"@id":"https:\/\/www.hotelsanmarcovenice.com\/fr\/chambres\/classique-francaise\/#breadcrumb"},"inLanguage":"fr-FR","potentialAction":[{"@type":"ReadAction","target":["https:\/\/www.hotelsanmarcovenice.com\/fr\/chambres\/classique-francaise\/"]}]},{"@type":"BreadcrumbList","@id":"https:\/\/www.hotelsanmarcovenice.com\/fr\/chambres\/classique-francaise\/#breadcrumb","itemListElement":[{"@type":"ListItem","position":1,"name":"Home","item":"https:\/\/www.hotelsanmarcovenice.com\/fr\/"},{"@type":"ListItem","position":2,"name":"Chambres","item":"https:\/\/www.hotelsanmarcovenice.com\/fr\/chambres\/"},{"@type":"ListItem","position":3,"name":"Classique Fran\u00e7aise"}]},{"@type":"WebSite","@id":"https:\/\/www.hotelsanmarcovenice.com\/fr\/#website","url":"https:\/\/www.hotelsanmarcovenice.com\/fr\/","name":"Albergo San Marco","description":"","publisher":{"@id":"https:\/\/www.hotelsanmarcovenice.com\/fr\/#organization"},"potentialAction":[{"@type":"SearchAction","target":{"@type":"EntryPoint","urlTemplate":"https:\/\/www.hotelsanmarcovenice.com\/fr\/?s={search_term_string}"},"query-input":{"@type":"PropertyValueSpecification","valueRequired":true,"valueName":"search_term_string"}}],"inLanguage":"fr-FR"},{"@type":"Organization","@id":"https:\/\/www.hotelsanmarcovenice.com\/fr\/#organization","name":"Albergo San Marco","url":"https:\/\/www.hotelsanmarcovenice.com\/fr\/","logo":{"@type":"ImageObject","inLanguage":"fr-FR","@id":"https:\/\/www.hotelsanmarcovenice.com\/fr\/#\/schema\/logo\/image\/","url":"https:\/\/www.hotelsanmarcovenice.com\/wp-content\/uploads\/sites\/48\/2026\/02\/logo_albergo_san_marco_def_c.svg","contentUrl":"https:\/\/www.hotelsanmarcovenice.com\/wp-content\/uploads\/sites\/48\/2026\/02\/logo_albergo_san_marco_def_c.svg","width":791,"height":755,"caption":"Albergo San Marco"},"image":{"@id":"https:\/\/www.hotelsanmarcovenice.com\/fr\/#\/schema\/logo\/image\/"},"sameAs":["https:\/\/www.facebook.com\/people\/Hotel-San-Marco-Venezia\/61561152116167\/","https:\/\/www.instagram.com\/hotel_san_marco_venezia\/"]}]}},"acf":[],"_links":{"self":[{"href":"https:\/\/www.hotelsanmarcovenice.com\/fr\/wp-json\/wp\/v2\/pages\/334","targetHints":{"allow":["GET"]}}],"collection":[{"href":"https:\/\/www.hotelsanmarcovenice.com\/fr\/wp-json\/wp\/v2\/pages"}],"about":[{"href":"https:\/\/www.hotelsanmarcovenice.com\/fr\/wp-json\/wp\/v2\/types\/page"}],"author":[{"embeddable":true,"href":"https:\/\/www.hotelsanmarcovenice.com\/fr\/wp-json\/wp\/v2\/users\/6"}],"replies":[{"embeddable":true,"href":"https:\/\/www.hotelsanmarcovenice.com\/fr\/wp-json\/wp\/v2\/comments?post=334"}],"version-history":[{"count":0,"href":"https:\/\/www.hotelsanmarcovenice.com\/fr\/wp-json\/wp\/v2\/pages\/334\/revisions"}],"up":[{"embeddable":true,"href":"https:\/\/www.hotelsanmarcovenice.com\/fr\/wp-json\/wp\/v2\/pages\/288"}],"wp:attachment":[{"href":"https:\/\/www.hotelsanmarcovenice.com\/fr\/wp-json\/wp\/v2\/media?parent=334"}],"curies":[{"name":"wp","href":"https:\/\/api.w.org\/{rel}","templated":true}]}}