{"id":351,"date":"2026-01-22T09:43:18","date_gmt":"2026-01-22T09:43:18","guid":{"rendered":"https:\/\/hotelsanmarcovenice.ms3.decms.eu\/restaurant-bar\/"},"modified":"2026-02-13T17:15:37","modified_gmt":"2026-02-13T17:15:37","slug":"restaurant-bar","status":"publish","type":"page","link":"https:\/\/www.hotelsanmarcovenice.com\/fr\/restaurant-bar\/","title":{"rendered":"Restaurant et bar"},"content":{"rendered":"<p>Le <strong>Ristorante San Marco<\/strong>, \u00e0 c\u00f4t\u00e9 du Ponte dei Dai et \u00e0 deux pas de la c\u00e9l\u00e8bre place, offre une <strong>exp\u00e9rience culinaire<\/strong> raffin\u00e9e qui c\u00e9l\u00e8bre la <strong>tradition v\u00e9nitienne<\/strong> et italienne avec une touche moderne. Les plats sont pr\u00e9par\u00e9s avec des ingr\u00e9dients frais et de haute qualit\u00e9, id\u00e9aux pour un ap\u00e9ritif, un d\u00eener ou un cocktail exclusif.<\/p>\n<p>Le cadre \u00e9l\u00e9gant, r\u00e9cemment r\u00e9nov\u00e9, associ\u00e9 \u00e0 un service attentif et professionnel, fait du restaurant une destination incontournable pour qui recherche des <strong>saveurs authentiques<\/strong> au c\u0153ur de <strong>Venise<\/strong>.<\/p>\n","protected":false},"excerpt":{"rendered":"<p>Le Ristorante San Marco, \u00e0 c\u00f4t\u00e9 du Ponte dei Dai et \u00e0 deux pas de la c\u00e9l\u00e8bre place, offre une exp\u00e9rience culinaire raffin\u00e9e qui c\u00e9l\u00e8bre la tradition v\u00e9nitienne et italienne avec une touche moderne. Les plats sont pr\u00e9par\u00e9s avec des ingr\u00e9dients frais et de haute qualit\u00e9, id\u00e9aux pour un ap\u00e9ritif, un d\u00eener ou un cocktail [&hellip;]<\/p>\n","protected":false},"author":6,"featured_media":0,"parent":0,"menu_order":40,"comment_status":"closed","ping_status":"closed","template":"template-single-restaurant.php","meta":{"footnotes":""},"class_list":["post-351","page","type-page","status-publish","hentry"],"yoast_head":"<!-- This site is optimized with the Yoast SEO plugin v26.9 - https:\/\/yoast.com\/product\/yoast-seo-wordpress\/ -->\n<title>Restaurant et bar - Albergo San Marco -<\/title>\n<meta name=\"description\" content=\"Le Ristorante San Marco, \u00e0 c\u00f4t\u00e9 du Ponte dei Dai et \u00e0 deux pas de la c\u00e9l\u00e8bre place, offre une exp\u00e9rience culinaire raffin\u00e9e qui c\u00e9l\u00e8bre la tradition v\u00e9nitienne et italienne avec une touche moderne. Les plats sont pr\u00e9par\u00e9s avec des ingr\u00e9dients frais et de haute qualit\u00e9, id\u00e9aux pour un ap\u00e9ritif, un d\u00eener ou un cocktail exclusif.  Le cadre \u00e9l\u00e9gant, r\u00e9cemment r\u00e9nov\u00e9, associ\u00e9 \u00e0 un service attentif et professionnel, fait du restaurant une destination incontournable pour qui recherche des saveurs authentiques au c\u0153ur de Venise.\" \/>\n<meta name=\"robots\" content=\"index, follow, max-snippet:-1, max-image-preview:large, max-video-preview:-1\" \/>\n<link rel=\"canonical\" href=\"https:\/\/www.hotelsanmarcovenice.com\/fr\/restaurant-bar\/\" \/>\n<meta property=\"og:locale\" content=\"fr_FR\" \/>\n<meta property=\"og:type\" content=\"article\" \/>\n<meta property=\"og:title\" content=\"Restaurant et bar - Albergo San Marco -\" \/>\n<meta property=\"og:description\" content=\"Le Ristorante San Marco, \u00e0 c\u00f4t\u00e9 du Ponte dei Dai et \u00e0 deux pas de la c\u00e9l\u00e8bre place, offre une exp\u00e9rience culinaire raffin\u00e9e qui c\u00e9l\u00e8bre la tradition v\u00e9nitienne et italienne avec une touche moderne. Les plats sont pr\u00e9par\u00e9s avec des ingr\u00e9dients frais et de haute qualit\u00e9, id\u00e9aux pour un ap\u00e9ritif, un d\u00eener ou un cocktail exclusif.  Le cadre \u00e9l\u00e9gant, r\u00e9cemment r\u00e9nov\u00e9, associ\u00e9 \u00e0 un service attentif et professionnel, fait du restaurant une destination incontournable pour qui recherche des saveurs authentiques au c\u0153ur de Venise.\" \/>\n<meta property=\"og:url\" content=\"https:\/\/www.hotelsanmarcovenice.com\/fr\/restaurant-bar\/\" \/>\n<meta property=\"og:site_name\" content=\"Albergo San Marco\" \/>\n<meta property=\"article:publisher\" content=\"https:\/\/www.facebook.com\/people\/Hotel-San-Marco-Venezia\/61561152116167\/\" \/>\n<meta property=\"article:modified_time\" content=\"2026-02-13T17:15:37+00:00\" \/>\n<meta property=\"og:image\" content=\"https:\/\/www.hotelsanmarcovenice.com\/wp-content\/uploads\/sites\/48\/2026\/01\/albergo_san_marco_slide_00.jpg\" \/>\n\t<meta property=\"og:image:width\" content=\"2200\" \/>\n\t<meta property=\"og:image:height\" content=\"1200\" \/>\n\t<meta property=\"og:image:type\" content=\"image\/jpeg\" \/>\n<meta name=\"twitter:card\" content=\"summary_large_image\" \/>\n<meta name=\"twitter:label1\" content=\"Est. reading time\" \/>\n\t<meta name=\"twitter:data1\" content=\"1 minute\" \/>\n<script type=\"application\/ld+json\" class=\"yoast-schema-graph\">{\"@context\":\"https:\/\/schema.org\",\"@graph\":[{\"@type\":\"WebPage\",\"@id\":\"https:\/\/www.hotelsanmarcovenice.com\/fr\/restaurant-bar\/\",\"url\":\"https:\/\/www.hotelsanmarcovenice.com\/fr\/restaurant-bar\/\",\"name\":\"Restaurant et bar - Albergo San Marco -\",\"isPartOf\":{\"@id\":\"https:\/\/www.hotelsanmarcovenice.com\/fr\/#website\"},\"datePublished\":\"2026-01-22T09:43:18+00:00\",\"dateModified\":\"2026-02-13T17:15:37+00:00\",\"description\":\"Le Ristorante San Marco, \u00e0 c\u00f4t\u00e9 du Ponte dei Dai et \u00e0 deux pas de la c\u00e9l\u00e8bre place, offre une exp\u00e9rience culinaire raffin\u00e9e qui c\u00e9l\u00e8bre la tradition v\u00e9nitienne et italienne avec une touche moderne. Les plats sont pr\u00e9par\u00e9s avec des ingr\u00e9dients frais et de haute qualit\u00e9, id\u00e9aux pour un ap\u00e9ritif, un d\u00eener ou un cocktail exclusif. Le cadre \u00e9l\u00e9gant, r\u00e9cemment r\u00e9nov\u00e9, associ\u00e9 \u00e0 un service attentif et professionnel, fait du restaurant une destination incontournable pour qui recherche des saveurs authentiques au c\u0153ur de Venise.\",\"breadcrumb\":{\"@id\":\"https:\/\/www.hotelsanmarcovenice.com\/fr\/restaurant-bar\/#breadcrumb\"},\"inLanguage\":\"fr-FR\",\"potentialAction\":[{\"@type\":\"ReadAction\",\"target\":[\"https:\/\/www.hotelsanmarcovenice.com\/fr\/restaurant-bar\/\"]}]},{\"@type\":\"BreadcrumbList\",\"@id\":\"https:\/\/www.hotelsanmarcovenice.com\/fr\/restaurant-bar\/#breadcrumb\",\"itemListElement\":[{\"@type\":\"ListItem\",\"position\":1,\"name\":\"Home\",\"item\":\"https:\/\/www.hotelsanmarcovenice.com\/fr\/\"},{\"@type\":\"ListItem\",\"position\":2,\"name\":\"Restaurant et bar\"}]},{\"@type\":\"WebSite\",\"@id\":\"https:\/\/www.hotelsanmarcovenice.com\/fr\/#website\",\"url\":\"https:\/\/www.hotelsanmarcovenice.com\/fr\/\",\"name\":\"Albergo San Marco\",\"description\":\"\",\"publisher\":{\"@id\":\"https:\/\/www.hotelsanmarcovenice.com\/fr\/#organization\"},\"potentialAction\":[{\"@type\":\"SearchAction\",\"target\":{\"@type\":\"EntryPoint\",\"urlTemplate\":\"https:\/\/www.hotelsanmarcovenice.com\/fr\/?s={search_term_string}\"},\"query-input\":{\"@type\":\"PropertyValueSpecification\",\"valueRequired\":true,\"valueName\":\"search_term_string\"}}],\"inLanguage\":\"fr-FR\"},{\"@type\":\"Organization\",\"@id\":\"https:\/\/www.hotelsanmarcovenice.com\/fr\/#organization\",\"name\":\"Albergo San Marco\",\"url\":\"https:\/\/www.hotelsanmarcovenice.com\/fr\/\",\"logo\":{\"@type\":\"ImageObject\",\"inLanguage\":\"fr-FR\",\"@id\":\"https:\/\/www.hotelsanmarcovenice.com\/fr\/#\/schema\/logo\/image\/\",\"url\":\"https:\/\/www.hotelsanmarcovenice.com\/wp-content\/uploads\/sites\/48\/2026\/02\/logo_albergo_san_marco_def_c.svg\",\"contentUrl\":\"https:\/\/www.hotelsanmarcovenice.com\/wp-content\/uploads\/sites\/48\/2026\/02\/logo_albergo_san_marco_def_c.svg\",\"width\":791,\"height\":755,\"caption\":\"Albergo San Marco\"},\"image\":{\"@id\":\"https:\/\/www.hotelsanmarcovenice.com\/fr\/#\/schema\/logo\/image\/\"},\"sameAs\":[\"https:\/\/www.facebook.com\/people\/Hotel-San-Marco-Venezia\/61561152116167\/\",\"https:\/\/www.instagram.com\/hotel_san_marco_venezia\/\"]}]}<\/script>\n<!-- \/ Yoast SEO plugin. -->","yoast_head_json":{"title":"Restaurant et bar - Albergo San Marco -","description":"Le Ristorante San Marco, \u00e0 c\u00f4t\u00e9 du Ponte dei Dai et \u00e0 deux pas de la c\u00e9l\u00e8bre place, offre une exp\u00e9rience culinaire raffin\u00e9e qui c\u00e9l\u00e8bre la tradition v\u00e9nitienne et italienne avec une touche moderne. Les plats sont pr\u00e9par\u00e9s avec des ingr\u00e9dients frais et de haute qualit\u00e9, id\u00e9aux pour un ap\u00e9ritif, un d\u00eener ou un cocktail exclusif.  Le cadre \u00e9l\u00e9gant, r\u00e9cemment r\u00e9nov\u00e9, associ\u00e9 \u00e0 un service attentif et professionnel, fait du restaurant une destination incontournable pour qui recherche des saveurs authentiques au c\u0153ur de Venise.","robots":{"index":"index","follow":"follow","max-snippet":"max-snippet:-1","max-image-preview":"max-image-preview:large","max-video-preview":"max-video-preview:-1"},"canonical":"https:\/\/www.hotelsanmarcovenice.com\/fr\/restaurant-bar\/","og_locale":"fr_FR","og_type":"article","og_title":"Restaurant et bar - Albergo San Marco -","og_description":"Le Ristorante San Marco, \u00e0 c\u00f4t\u00e9 du Ponte dei Dai et \u00e0 deux pas de la c\u00e9l\u00e8bre place, offre une exp\u00e9rience culinaire raffin\u00e9e qui c\u00e9l\u00e8bre la tradition v\u00e9nitienne et italienne avec une touche moderne. Les plats sont pr\u00e9par\u00e9s avec des ingr\u00e9dients frais et de haute qualit\u00e9, id\u00e9aux pour un ap\u00e9ritif, un d\u00eener ou un cocktail exclusif.  Le cadre \u00e9l\u00e9gant, r\u00e9cemment r\u00e9nov\u00e9, associ\u00e9 \u00e0 un service attentif et professionnel, fait du restaurant une destination incontournable pour qui recherche des saveurs authentiques au c\u0153ur de Venise.","og_url":"https:\/\/www.hotelsanmarcovenice.com\/fr\/restaurant-bar\/","og_site_name":"Albergo San Marco","article_publisher":"https:\/\/www.facebook.com\/people\/Hotel-San-Marco-Venezia\/61561152116167\/","article_modified_time":"2026-02-13T17:15:37+00:00","og_image":[{"width":2200,"height":1200,"url":"https:\/\/www.hotelsanmarcovenice.com\/wp-content\/uploads\/sites\/48\/2026\/01\/albergo_san_marco_slide_00.jpg","type":"image\/jpeg"}],"twitter_card":"summary_large_image","twitter_misc":{"Est. reading time":"1 minute"},"schema":{"@context":"https:\/\/schema.org","@graph":[{"@type":"WebPage","@id":"https:\/\/www.hotelsanmarcovenice.com\/fr\/restaurant-bar\/","url":"https:\/\/www.hotelsanmarcovenice.com\/fr\/restaurant-bar\/","name":"Restaurant et bar - Albergo San Marco -","isPartOf":{"@id":"https:\/\/www.hotelsanmarcovenice.com\/fr\/#website"},"datePublished":"2026-01-22T09:43:18+00:00","dateModified":"2026-02-13T17:15:37+00:00","description":"Le Ristorante San Marco, \u00e0 c\u00f4t\u00e9 du Ponte dei Dai et \u00e0 deux pas de la c\u00e9l\u00e8bre place, offre une exp\u00e9rience culinaire raffin\u00e9e qui c\u00e9l\u00e8bre la tradition v\u00e9nitienne et italienne avec une touche moderne. Les plats sont pr\u00e9par\u00e9s avec des ingr\u00e9dients frais et de haute qualit\u00e9, id\u00e9aux pour un ap\u00e9ritif, un d\u00eener ou un cocktail exclusif. Le cadre \u00e9l\u00e9gant, r\u00e9cemment r\u00e9nov\u00e9, associ\u00e9 \u00e0 un service attentif et professionnel, fait du restaurant une destination incontournable pour qui recherche des saveurs authentiques au c\u0153ur de Venise.","breadcrumb":{"@id":"https:\/\/www.hotelsanmarcovenice.com\/fr\/restaurant-bar\/#breadcrumb"},"inLanguage":"fr-FR","potentialAction":[{"@type":"ReadAction","target":["https:\/\/www.hotelsanmarcovenice.com\/fr\/restaurant-bar\/"]}]},{"@type":"BreadcrumbList","@id":"https:\/\/www.hotelsanmarcovenice.com\/fr\/restaurant-bar\/#breadcrumb","itemListElement":[{"@type":"ListItem","position":1,"name":"Home","item":"https:\/\/www.hotelsanmarcovenice.com\/fr\/"},{"@type":"ListItem","position":2,"name":"Restaurant et bar"}]},{"@type":"WebSite","@id":"https:\/\/www.hotelsanmarcovenice.com\/fr\/#website","url":"https:\/\/www.hotelsanmarcovenice.com\/fr\/","name":"Albergo San Marco","description":"","publisher":{"@id":"https:\/\/www.hotelsanmarcovenice.com\/fr\/#organization"},"potentialAction":[{"@type":"SearchAction","target":{"@type":"EntryPoint","urlTemplate":"https:\/\/www.hotelsanmarcovenice.com\/fr\/?s={search_term_string}"},"query-input":{"@type":"PropertyValueSpecification","valueRequired":true,"valueName":"search_term_string"}}],"inLanguage":"fr-FR"},{"@type":"Organization","@id":"https:\/\/www.hotelsanmarcovenice.com\/fr\/#organization","name":"Albergo San Marco","url":"https:\/\/www.hotelsanmarcovenice.com\/fr\/","logo":{"@type":"ImageObject","inLanguage":"fr-FR","@id":"https:\/\/www.hotelsanmarcovenice.com\/fr\/#\/schema\/logo\/image\/","url":"https:\/\/www.hotelsanmarcovenice.com\/wp-content\/uploads\/sites\/48\/2026\/02\/logo_albergo_san_marco_def_c.svg","contentUrl":"https:\/\/www.hotelsanmarcovenice.com\/wp-content\/uploads\/sites\/48\/2026\/02\/logo_albergo_san_marco_def_c.svg","width":791,"height":755,"caption":"Albergo San Marco"},"image":{"@id":"https:\/\/www.hotelsanmarcovenice.com\/fr\/#\/schema\/logo\/image\/"},"sameAs":["https:\/\/www.facebook.com\/people\/Hotel-San-Marco-Venezia\/61561152116167\/","https:\/\/www.instagram.com\/hotel_san_marco_venezia\/"]}]}},"acf":[],"_links":{"self":[{"href":"https:\/\/www.hotelsanmarcovenice.com\/fr\/wp-json\/wp\/v2\/pages\/351","targetHints":{"allow":["GET"]}}],"collection":[{"href":"https:\/\/www.hotelsanmarcovenice.com\/fr\/wp-json\/wp\/v2\/pages"}],"about":[{"href":"https:\/\/www.hotelsanmarcovenice.com\/fr\/wp-json\/wp\/v2\/types\/page"}],"author":[{"embeddable":true,"href":"https:\/\/www.hotelsanmarcovenice.com\/fr\/wp-json\/wp\/v2\/users\/6"}],"replies":[{"embeddable":true,"href":"https:\/\/www.hotelsanmarcovenice.com\/fr\/wp-json\/wp\/v2\/comments?post=351"}],"version-history":[{"count":0,"href":"https:\/\/www.hotelsanmarcovenice.com\/fr\/wp-json\/wp\/v2\/pages\/351\/revisions"}],"wp:attachment":[{"href":"https:\/\/www.hotelsanmarcovenice.com\/fr\/wp-json\/wp\/v2\/media?parent=351"}],"curies":[{"name":"wp","href":"https:\/\/api.w.org\/{rel}","templated":true}]}}