{"id":359,"date":"2026-01-22T09:43:50","date_gmt":"2026-01-22T09:43:50","guid":{"rendered":"https:\/\/hotelsanmarcovenice.ms3.decms.eu\/?page_id=359"},"modified":"2026-02-23T17:14:11","modified_gmt":"2026-02-23T17:14:11","slug":"position","status":"publish","type":"page","link":"https:\/\/www.hotelsanmarcovenice.com\/fr\/position\/","title":{"rendered":"Position"},"content":{"rendered":"<div id=\"1393725677\" class=\"u_1393725677 dmRespCol small-12 large-8 medium-8\">\n<div id=\"1034148098\" class=\"u_1034148098 dmNewParagraph\" data-version=\"5\">\n<p>L\u2019H\u00f4tel San Marco jouit d\u2019un emplacement de r\u00eave \u00e0 Venise : en plein c\u0153ur du centre historique, \u00e0 quelques m\u00e8tres seulement de la Place Saint-Marc et du Pont des Dai. Gr\u00e2ce \u00e0 sa situation id\u00e9ale, il permet de rejoindre facilement les principaux centres d\u2019int\u00e9r\u00eat de Venise.<\/p>\n<p>La Place Saint-Marc, le c\u0153ur de Venise, est un petit salon extraordinaire entour\u00e9 des \u00e9l\u00e9gants portiques des procuraties o\u00f9 se trouvent les anciens caf\u00e9s et leurs orchestres, qui offrent \u00e0 chaque saison des moments romantiques et inoubliables \u00e0 ne pas manquer !<\/p>\n<\/div>\n<\/div>\n","protected":false},"excerpt":{"rendered":"<p>L\u2019H\u00f4tel San Marco jouit d\u2019un emplacement de r\u00eave \u00e0 Venise : en plein c\u0153ur du centre historique, \u00e0 quelques m\u00e8tres seulement de la Place Saint-Marc et du Pont des Dai. Gr\u00e2ce \u00e0 sa situation id\u00e9ale, il permet de rejoindre facilement les principaux centres d\u2019int\u00e9r\u00eat de Venise. La Place Saint-Marc, le c\u0153ur de Venise, est un [&hellip;]<\/p>\n","protected":false},"author":6,"featured_media":0,"parent":0,"menu_order":50,"comment_status":"closed","ping_status":"closed","template":"template-location.php","meta":{"footnotes":""},"class_list":["post-359","page","type-page","status-publish","hentry"],"yoast_head":"<!-- This site is optimized with the Yoast SEO plugin v26.9 - https:\/\/yoast.com\/product\/yoast-seo-wordpress\/ -->\n<title>Position - Albergo San Marco -<\/title>\n<meta name=\"description\" content=\"L\u2019H\u00f4tel San Marco jouit d\u2019un emplacement de r\u00eave \u00e0 Venise : en plein c\u0153ur du centre historique, \u00e0 quelques m\u00e8tres seulement de la Place Saint-Marc et du Pont des Dai. Gr\u00e2ce \u00e0 sa situation id\u00e9ale, il permet de rejoindre facilement les principaux centres d\u2019int\u00e9r\u00eat de Venise.  La Place Saint-Marc, le c\u0153ur de Venise, est un petit salon extraordinaire entour\u00e9 des \u00e9l\u00e9gants portiques des procuraties o\u00f9 se trouvent les anciens caf\u00e9s et leurs orchestres, qui offrent \u00e0 chaque saison des moments romantiques et inoubliables \u00e0 ne pas manquer !\" \/>\n<meta name=\"robots\" content=\"index, follow, max-snippet:-1, max-image-preview:large, max-video-preview:-1\" \/>\n<link rel=\"canonical\" href=\"https:\/\/www.hotelsanmarcovenice.com\/fr\/position\/\" \/>\n<meta property=\"og:locale\" content=\"fr_FR\" \/>\n<meta property=\"og:type\" content=\"article\" \/>\n<meta property=\"og:title\" content=\"Position - Albergo San Marco -\" \/>\n<meta property=\"og:description\" content=\"L\u2019H\u00f4tel San Marco jouit d\u2019un emplacement de r\u00eave \u00e0 Venise : en plein c\u0153ur du centre historique, \u00e0 quelques m\u00e8tres seulement de la Place Saint-Marc et du Pont des Dai. Gr\u00e2ce \u00e0 sa situation id\u00e9ale, il permet de rejoindre facilement les principaux centres d\u2019int\u00e9r\u00eat de Venise.  La Place Saint-Marc, le c\u0153ur de Venise, est un petit salon extraordinaire entour\u00e9 des \u00e9l\u00e9gants portiques des procuraties o\u00f9 se trouvent les anciens caf\u00e9s et leurs orchestres, qui offrent \u00e0 chaque saison des moments romantiques et inoubliables \u00e0 ne pas manquer !\" \/>\n<meta property=\"og:url\" content=\"https:\/\/www.hotelsanmarcovenice.com\/fr\/position\/\" \/>\n<meta property=\"og:site_name\" content=\"Albergo San Marco\" \/>\n<meta property=\"article:publisher\" content=\"https:\/\/www.facebook.com\/people\/Hotel-San-Marco-Venezia\/61561152116167\/\" \/>\n<meta property=\"article:modified_time\" content=\"2026-02-23T17:14:11+00:00\" \/>\n<meta property=\"og:image\" content=\"https:\/\/www.hotelsanmarcovenice.com\/wp-content\/uploads\/sites\/48\/2026\/01\/albergo_san_marco_slide_00.jpg\" \/>\n\t<meta property=\"og:image:width\" content=\"2200\" \/>\n\t<meta property=\"og:image:height\" content=\"1200\" \/>\n\t<meta property=\"og:image:type\" content=\"image\/jpeg\" \/>\n<meta name=\"twitter:card\" content=\"summary_large_image\" \/>\n<meta name=\"twitter:label1\" content=\"Est. reading time\" \/>\n\t<meta name=\"twitter:data1\" content=\"1 minute\" \/>\n<script type=\"application\/ld+json\" class=\"yoast-schema-graph\">{\"@context\":\"https:\/\/schema.org\",\"@graph\":[{\"@type\":\"WebPage\",\"@id\":\"https:\/\/www.hotelsanmarcovenice.com\/fr\/position\/\",\"url\":\"https:\/\/www.hotelsanmarcovenice.com\/fr\/position\/\",\"name\":\"Position - Albergo San Marco -\",\"isPartOf\":{\"@id\":\"https:\/\/www.hotelsanmarcovenice.com\/fr\/#website\"},\"datePublished\":\"2026-01-22T09:43:50+00:00\",\"dateModified\":\"2026-02-23T17:14:11+00:00\",\"description\":\"L\u2019H\u00f4tel San Marco jouit d\u2019un emplacement de r\u00eave \u00e0 Venise : en plein c\u0153ur du centre historique, \u00e0 quelques m\u00e8tres seulement de la Place Saint-Marc et du Pont des Dai. Gr\u00e2ce \u00e0 sa situation id\u00e9ale, il permet de rejoindre facilement les principaux centres d\u2019int\u00e9r\u00eat de Venise. La Place Saint-Marc, le c\u0153ur de Venise, est un petit salon extraordinaire entour\u00e9 des \u00e9l\u00e9gants portiques des procuraties o\u00f9 se trouvent les anciens caf\u00e9s et leurs orchestres, qui offrent \u00e0 chaque saison des moments romantiques et inoubliables \u00e0 ne pas manquer !\",\"breadcrumb\":{\"@id\":\"https:\/\/www.hotelsanmarcovenice.com\/fr\/position\/#breadcrumb\"},\"inLanguage\":\"fr-FR\",\"potentialAction\":[{\"@type\":\"ReadAction\",\"target\":[\"https:\/\/www.hotelsanmarcovenice.com\/fr\/position\/\"]}]},{\"@type\":\"BreadcrumbList\",\"@id\":\"https:\/\/www.hotelsanmarcovenice.com\/fr\/position\/#breadcrumb\",\"itemListElement\":[{\"@type\":\"ListItem\",\"position\":1,\"name\":\"Home\",\"item\":\"https:\/\/www.hotelsanmarcovenice.com\/fr\/\"},{\"@type\":\"ListItem\",\"position\":2,\"name\":\"Position\"}]},{\"@type\":\"WebSite\",\"@id\":\"https:\/\/www.hotelsanmarcovenice.com\/fr\/#website\",\"url\":\"https:\/\/www.hotelsanmarcovenice.com\/fr\/\",\"name\":\"Albergo San Marco\",\"description\":\"\",\"publisher\":{\"@id\":\"https:\/\/www.hotelsanmarcovenice.com\/fr\/#organization\"},\"potentialAction\":[{\"@type\":\"SearchAction\",\"target\":{\"@type\":\"EntryPoint\",\"urlTemplate\":\"https:\/\/www.hotelsanmarcovenice.com\/fr\/?s={search_term_string}\"},\"query-input\":{\"@type\":\"PropertyValueSpecification\",\"valueRequired\":true,\"valueName\":\"search_term_string\"}}],\"inLanguage\":\"fr-FR\"},{\"@type\":\"Organization\",\"@id\":\"https:\/\/www.hotelsanmarcovenice.com\/fr\/#organization\",\"name\":\"Albergo San Marco\",\"url\":\"https:\/\/www.hotelsanmarcovenice.com\/fr\/\",\"logo\":{\"@type\":\"ImageObject\",\"inLanguage\":\"fr-FR\",\"@id\":\"https:\/\/www.hotelsanmarcovenice.com\/fr\/#\/schema\/logo\/image\/\",\"url\":\"https:\/\/www.hotelsanmarcovenice.com\/wp-content\/uploads\/sites\/48\/2026\/02\/logo_albergo_san_marco_def_c.svg\",\"contentUrl\":\"https:\/\/www.hotelsanmarcovenice.com\/wp-content\/uploads\/sites\/48\/2026\/02\/logo_albergo_san_marco_def_c.svg\",\"width\":791,\"height\":755,\"caption\":\"Albergo San Marco\"},\"image\":{\"@id\":\"https:\/\/www.hotelsanmarcovenice.com\/fr\/#\/schema\/logo\/image\/\"},\"sameAs\":[\"https:\/\/www.facebook.com\/people\/Hotel-San-Marco-Venezia\/61561152116167\/\",\"https:\/\/www.instagram.com\/hotel_san_marco_venezia\/\"]}]}<\/script>\n<!-- \/ Yoast SEO plugin. -->","yoast_head_json":{"title":"Position - Albergo San Marco -","description":"L\u2019H\u00f4tel San Marco jouit d\u2019un emplacement de r\u00eave \u00e0 Venise : en plein c\u0153ur du centre historique, \u00e0 quelques m\u00e8tres seulement de la Place Saint-Marc et du Pont des Dai. Gr\u00e2ce \u00e0 sa situation id\u00e9ale, il permet de rejoindre facilement les principaux centres d\u2019int\u00e9r\u00eat de Venise.  La Place Saint-Marc, le c\u0153ur de Venise, est un petit salon extraordinaire entour\u00e9 des \u00e9l\u00e9gants portiques des procuraties o\u00f9 se trouvent les anciens caf\u00e9s et leurs orchestres, qui offrent \u00e0 chaque saison des moments romantiques et inoubliables \u00e0 ne pas manquer !","robots":{"index":"index","follow":"follow","max-snippet":"max-snippet:-1","max-image-preview":"max-image-preview:large","max-video-preview":"max-video-preview:-1"},"canonical":"https:\/\/www.hotelsanmarcovenice.com\/fr\/position\/","og_locale":"fr_FR","og_type":"article","og_title":"Position - Albergo San Marco -","og_description":"L\u2019H\u00f4tel San Marco jouit d\u2019un emplacement de r\u00eave \u00e0 Venise : en plein c\u0153ur du centre historique, \u00e0 quelques m\u00e8tres seulement de la Place Saint-Marc et du Pont des Dai. Gr\u00e2ce \u00e0 sa situation id\u00e9ale, il permet de rejoindre facilement les principaux centres d\u2019int\u00e9r\u00eat de Venise.  La Place Saint-Marc, le c\u0153ur de Venise, est un petit salon extraordinaire entour\u00e9 des \u00e9l\u00e9gants portiques des procuraties o\u00f9 se trouvent les anciens caf\u00e9s et leurs orchestres, qui offrent \u00e0 chaque saison des moments romantiques et inoubliables \u00e0 ne pas manquer !","og_url":"https:\/\/www.hotelsanmarcovenice.com\/fr\/position\/","og_site_name":"Albergo San Marco","article_publisher":"https:\/\/www.facebook.com\/people\/Hotel-San-Marco-Venezia\/61561152116167\/","article_modified_time":"2026-02-23T17:14:11+00:00","og_image":[{"width":2200,"height":1200,"url":"https:\/\/www.hotelsanmarcovenice.com\/wp-content\/uploads\/sites\/48\/2026\/01\/albergo_san_marco_slide_00.jpg","type":"image\/jpeg"}],"twitter_card":"summary_large_image","twitter_misc":{"Est. reading time":"1 minute"},"schema":{"@context":"https:\/\/schema.org","@graph":[{"@type":"WebPage","@id":"https:\/\/www.hotelsanmarcovenice.com\/fr\/position\/","url":"https:\/\/www.hotelsanmarcovenice.com\/fr\/position\/","name":"Position - Albergo San Marco -","isPartOf":{"@id":"https:\/\/www.hotelsanmarcovenice.com\/fr\/#website"},"datePublished":"2026-01-22T09:43:50+00:00","dateModified":"2026-02-23T17:14:11+00:00","description":"L\u2019H\u00f4tel San Marco jouit d\u2019un emplacement de r\u00eave \u00e0 Venise : en plein c\u0153ur du centre historique, \u00e0 quelques m\u00e8tres seulement de la Place Saint-Marc et du Pont des Dai. Gr\u00e2ce \u00e0 sa situation id\u00e9ale, il permet de rejoindre facilement les principaux centres d\u2019int\u00e9r\u00eat de Venise. La Place Saint-Marc, le c\u0153ur de Venise, est un petit salon extraordinaire entour\u00e9 des \u00e9l\u00e9gants portiques des procuraties o\u00f9 se trouvent les anciens caf\u00e9s et leurs orchestres, qui offrent \u00e0 chaque saison des moments romantiques et inoubliables \u00e0 ne pas manquer !","breadcrumb":{"@id":"https:\/\/www.hotelsanmarcovenice.com\/fr\/position\/#breadcrumb"},"inLanguage":"fr-FR","potentialAction":[{"@type":"ReadAction","target":["https:\/\/www.hotelsanmarcovenice.com\/fr\/position\/"]}]},{"@type":"BreadcrumbList","@id":"https:\/\/www.hotelsanmarcovenice.com\/fr\/position\/#breadcrumb","itemListElement":[{"@type":"ListItem","position":1,"name":"Home","item":"https:\/\/www.hotelsanmarcovenice.com\/fr\/"},{"@type":"ListItem","position":2,"name":"Position"}]},{"@type":"WebSite","@id":"https:\/\/www.hotelsanmarcovenice.com\/fr\/#website","url":"https:\/\/www.hotelsanmarcovenice.com\/fr\/","name":"Albergo San Marco","description":"","publisher":{"@id":"https:\/\/www.hotelsanmarcovenice.com\/fr\/#organization"},"potentialAction":[{"@type":"SearchAction","target":{"@type":"EntryPoint","urlTemplate":"https:\/\/www.hotelsanmarcovenice.com\/fr\/?s={search_term_string}"},"query-input":{"@type":"PropertyValueSpecification","valueRequired":true,"valueName":"search_term_string"}}],"inLanguage":"fr-FR"},{"@type":"Organization","@id":"https:\/\/www.hotelsanmarcovenice.com\/fr\/#organization","name":"Albergo San Marco","url":"https:\/\/www.hotelsanmarcovenice.com\/fr\/","logo":{"@type":"ImageObject","inLanguage":"fr-FR","@id":"https:\/\/www.hotelsanmarcovenice.com\/fr\/#\/schema\/logo\/image\/","url":"https:\/\/www.hotelsanmarcovenice.com\/wp-content\/uploads\/sites\/48\/2026\/02\/logo_albergo_san_marco_def_c.svg","contentUrl":"https:\/\/www.hotelsanmarcovenice.com\/wp-content\/uploads\/sites\/48\/2026\/02\/logo_albergo_san_marco_def_c.svg","width":791,"height":755,"caption":"Albergo San Marco"},"image":{"@id":"https:\/\/www.hotelsanmarcovenice.com\/fr\/#\/schema\/logo\/image\/"},"sameAs":["https:\/\/www.facebook.com\/people\/Hotel-San-Marco-Venezia\/61561152116167\/","https:\/\/www.instagram.com\/hotel_san_marco_venezia\/"]}]}},"acf":[],"_links":{"self":[{"href":"https:\/\/www.hotelsanmarcovenice.com\/fr\/wp-json\/wp\/v2\/pages\/359","targetHints":{"allow":["GET"]}}],"collection":[{"href":"https:\/\/www.hotelsanmarcovenice.com\/fr\/wp-json\/wp\/v2\/pages"}],"about":[{"href":"https:\/\/www.hotelsanmarcovenice.com\/fr\/wp-json\/wp\/v2\/types\/page"}],"author":[{"embeddable":true,"href":"https:\/\/www.hotelsanmarcovenice.com\/fr\/wp-json\/wp\/v2\/users\/6"}],"replies":[{"embeddable":true,"href":"https:\/\/www.hotelsanmarcovenice.com\/fr\/wp-json\/wp\/v2\/comments?post=359"}],"version-history":[{"count":0,"href":"https:\/\/www.hotelsanmarcovenice.com\/fr\/wp-json\/wp\/v2\/pages\/359\/revisions"}],"wp:attachment":[{"href":"https:\/\/www.hotelsanmarcovenice.com\/fr\/wp-json\/wp\/v2\/media?parent=359"}],"curies":[{"name":"wp","href":"https:\/\/api.w.org\/{rel}","templated":true}]}}