{"id":271,"date":"2026-01-13T14:29:37","date_gmt":"2026-01-13T14:29:37","guid":{"rendered":"https:\/\/hotelsanmarcovenice.ms3.decms.eu\/?page_id=271"},"modified":"2026-02-13T14:09:40","modified_gmt":"2026-02-13T14:09:40","slug":"albergo-san-marco","status":"publish","type":"page","link":"https:\/\/www.hotelsanmarcovenice.com\/it\/","title":{"rendered":"Albergo San Marco"},"content":{"rendered":"<p style=\"text-align: center;\"><em>L\u2019Albergo San Marco occupa un palazzo storico risalente al <strong>1207<\/strong> d.C., completamente <strong>ristrutturato nel 2024<\/strong> in uno stile che unisce charme veneziano e linee moderne.<\/em><\/p>\n<p style=\"text-align: center;\">L\u2019albergo si trova proprio a ridosso di <strong>Piazza San Marco<\/strong> nel Centro di Venezia. Qui ogni sorriso racconta l\u2019<strong>amore per l\u2019Ospitalit\u00e0<\/strong>, quella attenta e autentica. Il nostro hotel si propone di essere per i suoi ospiti una seconda casa a Venezia. Perch\u00e9 tra i lussi, il pi\u00f9 bello \u00e8 <strong>sentirsi a casa<\/strong>.<\/p>\n","protected":false},"excerpt":{"rendered":"<p>L\u2019Albergo San Marco occupa un palazzo storico risalente al 1207 d.C., completamente ristrutturato nel 2024 in uno stile che unisce charme veneziano e linee moderne. L\u2019albergo si trova proprio a ridosso di Piazza San Marco nel Centro di Venezia. Qui ogni sorriso racconta l\u2019amore per l\u2019Ospitalit\u00e0, quella attenta e autentica. Il nostro hotel si propone [&hellip;]<\/p>\n","protected":false},"author":6,"featured_media":0,"parent":0,"menu_order":10,"comment_status":"closed","ping_status":"closed","template":"","meta":{"footnotes":""},"class_list":["post-271","page","type-page","status-publish","hentry"],"yoast_head":"<!-- This site is optimized with the Yoast SEO plugin v26.9 - https:\/\/yoast.com\/product\/yoast-seo-wordpress\/ -->\n<title>Albergo San Marco - Albergo San Marco -<\/title>\n<meta name=\"description\" content=\"L\u2019Albergo San Marco occupa un palazzo storico risalente al 1207 d.C., completamente ristrutturato nel 2024 in uno stile che unisce charme veneziano e linee moderne. L\u2019albergo si trova proprio a ridosso di Piazza San Marco nel Centro di Venezia. Qui ogni sorriso racconta l\u2019amore per l\u2019Ospitalit\u00e0, quella attenta e autentica\" \/>\n<meta name=\"robots\" content=\"index, follow, max-snippet:-1, max-image-preview:large, max-video-preview:-1\" \/>\n<link rel=\"canonical\" href=\"https:\/\/www.hotelsanmarcovenice.com\/it\/\" \/>\n<meta property=\"og:locale\" content=\"it_IT\" \/>\n<meta property=\"og:type\" content=\"article\" \/>\n<meta property=\"og:title\" content=\"Albergo San Marco - Albergo San Marco -\" \/>\n<meta property=\"og:description\" content=\"L\u2019Albergo San Marco occupa un palazzo storico risalente al 1207 d.C., completamente ristrutturato nel 2024 in uno stile che unisce charme veneziano e linee moderne. L\u2019albergo si trova proprio a ridosso di Piazza San Marco nel Centro di Venezia. Qui ogni sorriso racconta l\u2019amore per l\u2019Ospitalit\u00e0, quella attenta e autentica\" \/>\n<meta property=\"og:url\" content=\"https:\/\/www.hotelsanmarcovenice.com\/it\/\" \/>\n<meta property=\"og:site_name\" content=\"Albergo San Marco\" \/>\n<meta property=\"article:publisher\" content=\"https:\/\/www.facebook.com\/people\/Hotel-San-Marco-Venezia\/61561152116167\/\" \/>\n<meta property=\"article:modified_time\" content=\"2026-02-13T14:09:40+00:00\" \/>\n<meta property=\"og:image\" content=\"https:\/\/www.hotelsanmarcovenice.com\/wp-content\/uploads\/sites\/48\/2026\/01\/albergo_san_marco_slide_00.jpg\" \/>\n\t<meta property=\"og:image:width\" content=\"2200\" \/>\n\t<meta property=\"og:image:height\" content=\"1200\" \/>\n\t<meta property=\"og:image:type\" content=\"image\/jpeg\" \/>\n<meta name=\"twitter:card\" content=\"summary_large_image\" \/>\n<meta name=\"twitter:label1\" content=\"Est. reading time\" \/>\n\t<meta name=\"twitter:data1\" content=\"1 minuto\" \/>\n<script type=\"application\/ld+json\" class=\"yoast-schema-graph\">{\"@context\":\"https:\/\/schema.org\",\"@graph\":[{\"@type\":\"WebPage\",\"@id\":\"https:\/\/www.hotelsanmarcovenice.com\/it\/\",\"url\":\"https:\/\/www.hotelsanmarcovenice.com\/it\/\",\"name\":\"Albergo San Marco - Albergo San Marco -\",\"isPartOf\":{\"@id\":\"https:\/\/www.hotelsanmarcovenice.com\/it\/#website\"},\"datePublished\":\"2026-01-13T14:29:37+00:00\",\"dateModified\":\"2026-02-13T14:09:40+00:00\",\"description\":\"L\u2019Albergo San Marco occupa un palazzo storico risalente al 1207 d.C., completamente ristrutturato nel 2024 in uno stile che unisce charme veneziano e linee moderne. L\u2019albergo si trova proprio a ridosso di Piazza San Marco nel Centro di Venezia. Qui ogni sorriso racconta l\u2019amore per l\u2019Ospitalit\u00e0, quella attenta e autentica\",\"breadcrumb\":{\"@id\":\"https:\/\/www.hotelsanmarcovenice.com\/it\/#breadcrumb\"},\"inLanguage\":\"it-IT\",\"potentialAction\":[{\"@type\":\"ReadAction\",\"target\":[\"https:\/\/www.hotelsanmarcovenice.com\/it\/\"]}]},{\"@type\":\"BreadcrumbList\",\"@id\":\"https:\/\/www.hotelsanmarcovenice.com\/it\/#breadcrumb\",\"itemListElement\":[{\"@type\":\"ListItem\",\"position\":1,\"name\":\"Home\",\"item\":\"https:\/\/www.hotelsanmarcovenice.com\/it\/\"},{\"@type\":\"ListItem\",\"position\":2,\"name\":\"Albergo San Marco\"}]},{\"@type\":\"WebSite\",\"@id\":\"https:\/\/www.hotelsanmarcovenice.com\/it\/#website\",\"url\":\"https:\/\/www.hotelsanmarcovenice.com\/it\/\",\"name\":\"Albergo San Marco\",\"description\":\"\",\"publisher\":{\"@id\":\"https:\/\/www.hotelsanmarcovenice.com\/it\/#organization\"},\"potentialAction\":[{\"@type\":\"SearchAction\",\"target\":{\"@type\":\"EntryPoint\",\"urlTemplate\":\"https:\/\/www.hotelsanmarcovenice.com\/it\/?s={search_term_string}\"},\"query-input\":{\"@type\":\"PropertyValueSpecification\",\"valueRequired\":true,\"valueName\":\"search_term_string\"}}],\"inLanguage\":\"it-IT\"},{\"@type\":\"Organization\",\"@id\":\"https:\/\/www.hotelsanmarcovenice.com\/it\/#organization\",\"name\":\"Albergo San Marco\",\"url\":\"https:\/\/www.hotelsanmarcovenice.com\/it\/\",\"logo\":{\"@type\":\"ImageObject\",\"inLanguage\":\"it-IT\",\"@id\":\"https:\/\/www.hotelsanmarcovenice.com\/it\/#\/schema\/logo\/image\/\",\"url\":\"https:\/\/www.hotelsanmarcovenice.com\/wp-content\/uploads\/sites\/48\/2026\/02\/logo_albergo_san_marco_def_c.svg\",\"contentUrl\":\"https:\/\/www.hotelsanmarcovenice.com\/wp-content\/uploads\/sites\/48\/2026\/02\/logo_albergo_san_marco_def_c.svg\",\"width\":791,\"height\":755,\"caption\":\"Albergo San Marco\"},\"image\":{\"@id\":\"https:\/\/www.hotelsanmarcovenice.com\/it\/#\/schema\/logo\/image\/\"},\"sameAs\":[\"https:\/\/www.facebook.com\/people\/Hotel-San-Marco-Venezia\/61561152116167\/\",\"https:\/\/www.instagram.com\/hotel_san_marco_venezia\/\"]}]}<\/script>\n<!-- \/ Yoast SEO plugin. -->","yoast_head_json":{"title":"Albergo San Marco - Albergo San Marco -","description":"L\u2019Albergo San Marco occupa un palazzo storico risalente al 1207 d.C., completamente ristrutturato nel 2024 in uno stile che unisce charme veneziano e linee moderne. L\u2019albergo si trova proprio a ridosso di Piazza San Marco nel Centro di Venezia. Qui ogni sorriso racconta l\u2019amore per l\u2019Ospitalit\u00e0, quella attenta e autentica","robots":{"index":"index","follow":"follow","max-snippet":"max-snippet:-1","max-image-preview":"max-image-preview:large","max-video-preview":"max-video-preview:-1"},"canonical":"https:\/\/www.hotelsanmarcovenice.com\/it\/","og_locale":"it_IT","og_type":"article","og_title":"Albergo San Marco - Albergo San Marco -","og_description":"L\u2019Albergo San Marco occupa un palazzo storico risalente al 1207 d.C., completamente ristrutturato nel 2024 in uno stile che unisce charme veneziano e linee moderne. L\u2019albergo si trova proprio a ridosso di Piazza San Marco nel Centro di Venezia. Qui ogni sorriso racconta l\u2019amore per l\u2019Ospitalit\u00e0, quella attenta e autentica","og_url":"https:\/\/www.hotelsanmarcovenice.com\/it\/","og_site_name":"Albergo San Marco","article_publisher":"https:\/\/www.facebook.com\/people\/Hotel-San-Marco-Venezia\/61561152116167\/","article_modified_time":"2026-02-13T14:09:40+00:00","og_image":[{"width":2200,"height":1200,"url":"https:\/\/www.hotelsanmarcovenice.com\/wp-content\/uploads\/sites\/48\/2026\/01\/albergo_san_marco_slide_00.jpg","type":"image\/jpeg"}],"twitter_card":"summary_large_image","twitter_misc":{"Est. reading time":"1 minuto"},"schema":{"@context":"https:\/\/schema.org","@graph":[{"@type":"WebPage","@id":"https:\/\/www.hotelsanmarcovenice.com\/it\/","url":"https:\/\/www.hotelsanmarcovenice.com\/it\/","name":"Albergo San Marco - Albergo San Marco -","isPartOf":{"@id":"https:\/\/www.hotelsanmarcovenice.com\/it\/#website"},"datePublished":"2026-01-13T14:29:37+00:00","dateModified":"2026-02-13T14:09:40+00:00","description":"L\u2019Albergo San Marco occupa un palazzo storico risalente al 1207 d.C., completamente ristrutturato nel 2024 in uno stile che unisce charme veneziano e linee moderne. L\u2019albergo si trova proprio a ridosso di Piazza San Marco nel Centro di Venezia. Qui ogni sorriso racconta l\u2019amore per l\u2019Ospitalit\u00e0, quella attenta e autentica","breadcrumb":{"@id":"https:\/\/www.hotelsanmarcovenice.com\/it\/#breadcrumb"},"inLanguage":"it-IT","potentialAction":[{"@type":"ReadAction","target":["https:\/\/www.hotelsanmarcovenice.com\/it\/"]}]},{"@type":"BreadcrumbList","@id":"https:\/\/www.hotelsanmarcovenice.com\/it\/#breadcrumb","itemListElement":[{"@type":"ListItem","position":1,"name":"Home","item":"https:\/\/www.hotelsanmarcovenice.com\/it\/"},{"@type":"ListItem","position":2,"name":"Albergo San Marco"}]},{"@type":"WebSite","@id":"https:\/\/www.hotelsanmarcovenice.com\/it\/#website","url":"https:\/\/www.hotelsanmarcovenice.com\/it\/","name":"Albergo San Marco","description":"","publisher":{"@id":"https:\/\/www.hotelsanmarcovenice.com\/it\/#organization"},"potentialAction":[{"@type":"SearchAction","target":{"@type":"EntryPoint","urlTemplate":"https:\/\/www.hotelsanmarcovenice.com\/it\/?s={search_term_string}"},"query-input":{"@type":"PropertyValueSpecification","valueRequired":true,"valueName":"search_term_string"}}],"inLanguage":"it-IT"},{"@type":"Organization","@id":"https:\/\/www.hotelsanmarcovenice.com\/it\/#organization","name":"Albergo San Marco","url":"https:\/\/www.hotelsanmarcovenice.com\/it\/","logo":{"@type":"ImageObject","inLanguage":"it-IT","@id":"https:\/\/www.hotelsanmarcovenice.com\/it\/#\/schema\/logo\/image\/","url":"https:\/\/www.hotelsanmarcovenice.com\/wp-content\/uploads\/sites\/48\/2026\/02\/logo_albergo_san_marco_def_c.svg","contentUrl":"https:\/\/www.hotelsanmarcovenice.com\/wp-content\/uploads\/sites\/48\/2026\/02\/logo_albergo_san_marco_def_c.svg","width":791,"height":755,"caption":"Albergo San Marco"},"image":{"@id":"https:\/\/www.hotelsanmarcovenice.com\/it\/#\/schema\/logo\/image\/"},"sameAs":["https:\/\/www.facebook.com\/people\/Hotel-San-Marco-Venezia\/61561152116167\/","https:\/\/www.instagram.com\/hotel_san_marco_venezia\/"]}]}},"acf":[],"_links":{"self":[{"href":"https:\/\/www.hotelsanmarcovenice.com\/it\/wp-json\/wp\/v2\/pages\/271","targetHints":{"allow":["GET"]}}],"collection":[{"href":"https:\/\/www.hotelsanmarcovenice.com\/it\/wp-json\/wp\/v2\/pages"}],"about":[{"href":"https:\/\/www.hotelsanmarcovenice.com\/it\/wp-json\/wp\/v2\/types\/page"}],"author":[{"embeddable":true,"href":"https:\/\/www.hotelsanmarcovenice.com\/it\/wp-json\/wp\/v2\/users\/6"}],"replies":[{"embeddable":true,"href":"https:\/\/www.hotelsanmarcovenice.com\/it\/wp-json\/wp\/v2\/comments?post=271"}],"version-history":[{"count":0,"href":"https:\/\/www.hotelsanmarcovenice.com\/it\/wp-json\/wp\/v2\/pages\/271\/revisions"}],"wp:attachment":[{"href":"https:\/\/www.hotelsanmarcovenice.com\/it\/wp-json\/wp\/v2\/media?parent=271"}],"curies":[{"name":"wp","href":"https:\/\/api.w.org\/{rel}","templated":true}]}}