{"id":361,"date":"2026-01-22T09:43:50","date_gmt":"2026-01-22T09:43:50","guid":{"rendered":"https:\/\/hotelsanmarcovenice.ms3.decms.eu\/?page_id=361"},"modified":"2026-02-23T17:14:25","modified_gmt":"2026-02-23T17:14:25","slug":"posizione","status":"publish","type":"page","link":"https:\/\/www.hotelsanmarcovenice.com\/it\/posizione\/","title":{"rendered":"Posizione"},"content":{"rendered":"<p>La posizione della quale gode a Venezia l\u2019Albergo San Marco \u00e8 di quelle che fanno sognare: in pieno centro storico, a pochissimi metri da Piazza San Marco e dal Ponte dei Dai. Una location dalla quale si raggiunge qualsiasi museo, monumento e attrazione di Venezia.<\/p>\n<p>Piazza San Marco \u00e8 il cuore della citt\u00e0, uno straordinario salotto circondato dagli eleganti portici delle procuratie che ospitano gli antichi caff\u00e8 e le loro orchestre, che in ogni stagione regalano un momento romantico ed indimenticabile da non lasciarsi sfuggire!<\/p>\n","protected":false},"excerpt":{"rendered":"<p>La posizione della quale gode a Venezia l\u2019Albergo San Marco \u00e8 di quelle che fanno sognare: in pieno centro storico, a pochissimi metri da Piazza San Marco e dal Ponte dei Dai. Una location dalla quale si raggiunge qualsiasi museo, monumento e attrazione di Venezia. Piazza San Marco \u00e8 il cuore della citt\u00e0, uno straordinario [&hellip;]<\/p>\n","protected":false},"author":6,"featured_media":0,"parent":0,"menu_order":50,"comment_status":"closed","ping_status":"closed","template":"template-location.php","meta":{"footnotes":""},"class_list":["post-361","page","type-page","status-publish","hentry"],"yoast_head":"<!-- This site is optimized with the Yoast SEO plugin v26.9 - https:\/\/yoast.com\/product\/yoast-seo-wordpress\/ -->\n<title>Posizione - Albergo San Marco -<\/title>\n<meta name=\"description\" content=\"La posizione della quale gode a Venezia l\u2019Albergo San Marco \u00e8 di quelle che fanno sognare: in pieno centro storico, a pochissimi metri da Piazza San Marco e dal Ponte dei Dai. Una location dalla quale si raggiunge qualsiasi museo, monumento e attrazione di Venezia.  Piazza San Marco \u00e8 il cuore della citt\u00e0, uno straordinario salotto circondato dagli eleganti portici delle procuratie che ospitano gli antichi caff\u00e8 e le loro orchestre, che in ogni stagione regalano un momento romantico ed indimenticabile da non lasciarsi sfuggire!\" \/>\n<meta name=\"robots\" content=\"index, follow, max-snippet:-1, max-image-preview:large, max-video-preview:-1\" \/>\n<link rel=\"canonical\" href=\"https:\/\/www.hotelsanmarcovenice.com\/it\/posizione\/\" \/>\n<meta property=\"og:locale\" content=\"it_IT\" \/>\n<meta property=\"og:type\" content=\"article\" \/>\n<meta property=\"og:title\" content=\"Posizione - Albergo San Marco -\" \/>\n<meta property=\"og:description\" content=\"La posizione della quale gode a Venezia l\u2019Albergo San Marco \u00e8 di quelle che fanno sognare: in pieno centro storico, a pochissimi metri da Piazza San Marco e dal Ponte dei Dai. Una location dalla quale si raggiunge qualsiasi museo, monumento e attrazione di Venezia.  Piazza San Marco \u00e8 il cuore della citt\u00e0, uno straordinario salotto circondato dagli eleganti portici delle procuratie che ospitano gli antichi caff\u00e8 e le loro orchestre, che in ogni stagione regalano un momento romantico ed indimenticabile da non lasciarsi sfuggire!\" \/>\n<meta property=\"og:url\" content=\"https:\/\/www.hotelsanmarcovenice.com\/it\/posizione\/\" \/>\n<meta property=\"og:site_name\" content=\"Albergo San Marco\" \/>\n<meta property=\"article:publisher\" content=\"https:\/\/www.facebook.com\/people\/Hotel-San-Marco-Venezia\/61561152116167\/\" \/>\n<meta property=\"article:modified_time\" content=\"2026-02-23T17:14:25+00:00\" \/>\n<meta property=\"og:image\" content=\"https:\/\/www.hotelsanmarcovenice.com\/wp-content\/uploads\/sites\/48\/2026\/01\/albergo_san_marco_slide_00.jpg\" \/>\n\t<meta property=\"og:image:width\" content=\"2200\" \/>\n\t<meta property=\"og:image:height\" content=\"1200\" \/>\n\t<meta property=\"og:image:type\" content=\"image\/jpeg\" \/>\n<meta name=\"twitter:card\" content=\"summary_large_image\" \/>\n<meta name=\"twitter:label1\" content=\"Est. reading time\" \/>\n\t<meta name=\"twitter:data1\" content=\"1 minuto\" \/>\n<script type=\"application\/ld+json\" class=\"yoast-schema-graph\">{\"@context\":\"https:\/\/schema.org\",\"@graph\":[{\"@type\":\"WebPage\",\"@id\":\"https:\/\/www.hotelsanmarcovenice.com\/it\/posizione\/\",\"url\":\"https:\/\/www.hotelsanmarcovenice.com\/it\/posizione\/\",\"name\":\"Posizione - Albergo San Marco -\",\"isPartOf\":{\"@id\":\"https:\/\/www.hotelsanmarcovenice.com\/it\/#website\"},\"datePublished\":\"2026-01-22T09:43:50+00:00\",\"dateModified\":\"2026-02-23T17:14:25+00:00\",\"description\":\"La posizione della quale gode a Venezia l\u2019Albergo San Marco \u00e8 di quelle che fanno sognare: in pieno centro storico, a pochissimi metri da Piazza San Marco e dal Ponte dei Dai. Una location dalla quale si raggiunge qualsiasi museo, monumento e attrazione di Venezia. Piazza San Marco \u00e8 il cuore della citt\u00e0, uno straordinario salotto circondato dagli eleganti portici delle procuratie che ospitano gli antichi caff\u00e8 e le loro orchestre, che in ogni stagione regalano un momento romantico ed indimenticabile da non lasciarsi sfuggire!\",\"breadcrumb\":{\"@id\":\"https:\/\/www.hotelsanmarcovenice.com\/it\/posizione\/#breadcrumb\"},\"inLanguage\":\"it-IT\",\"potentialAction\":[{\"@type\":\"ReadAction\",\"target\":[\"https:\/\/www.hotelsanmarcovenice.com\/it\/posizione\/\"]}]},{\"@type\":\"BreadcrumbList\",\"@id\":\"https:\/\/www.hotelsanmarcovenice.com\/it\/posizione\/#breadcrumb\",\"itemListElement\":[{\"@type\":\"ListItem\",\"position\":1,\"name\":\"Home\",\"item\":\"https:\/\/www.hotelsanmarcovenice.com\/it\/\"},{\"@type\":\"ListItem\",\"position\":2,\"name\":\"Posizione\"}]},{\"@type\":\"WebSite\",\"@id\":\"https:\/\/www.hotelsanmarcovenice.com\/it\/#website\",\"url\":\"https:\/\/www.hotelsanmarcovenice.com\/it\/\",\"name\":\"Albergo San Marco\",\"description\":\"\",\"publisher\":{\"@id\":\"https:\/\/www.hotelsanmarcovenice.com\/it\/#organization\"},\"potentialAction\":[{\"@type\":\"SearchAction\",\"target\":{\"@type\":\"EntryPoint\",\"urlTemplate\":\"https:\/\/www.hotelsanmarcovenice.com\/it\/?s={search_term_string}\"},\"query-input\":{\"@type\":\"PropertyValueSpecification\",\"valueRequired\":true,\"valueName\":\"search_term_string\"}}],\"inLanguage\":\"it-IT\"},{\"@type\":\"Organization\",\"@id\":\"https:\/\/www.hotelsanmarcovenice.com\/it\/#organization\",\"name\":\"Albergo San Marco\",\"url\":\"https:\/\/www.hotelsanmarcovenice.com\/it\/\",\"logo\":{\"@type\":\"ImageObject\",\"inLanguage\":\"it-IT\",\"@id\":\"https:\/\/www.hotelsanmarcovenice.com\/it\/#\/schema\/logo\/image\/\",\"url\":\"https:\/\/www.hotelsanmarcovenice.com\/wp-content\/uploads\/sites\/48\/2026\/02\/logo_albergo_san_marco_def_c.svg\",\"contentUrl\":\"https:\/\/www.hotelsanmarcovenice.com\/wp-content\/uploads\/sites\/48\/2026\/02\/logo_albergo_san_marco_def_c.svg\",\"width\":791,\"height\":755,\"caption\":\"Albergo San Marco\"},\"image\":{\"@id\":\"https:\/\/www.hotelsanmarcovenice.com\/it\/#\/schema\/logo\/image\/\"},\"sameAs\":[\"https:\/\/www.facebook.com\/people\/Hotel-San-Marco-Venezia\/61561152116167\/\",\"https:\/\/www.instagram.com\/hotel_san_marco_venezia\/\"]}]}<\/script>\n<!-- \/ Yoast SEO plugin. -->","yoast_head_json":{"title":"Posizione - Albergo San Marco -","description":"La posizione della quale gode a Venezia l\u2019Albergo San Marco \u00e8 di quelle che fanno sognare: in pieno centro storico, a pochissimi metri da Piazza San Marco e dal Ponte dei Dai. Una location dalla quale si raggiunge qualsiasi museo, monumento e attrazione di Venezia.  Piazza San Marco \u00e8 il cuore della citt\u00e0, uno straordinario salotto circondato dagli eleganti portici delle procuratie che ospitano gli antichi caff\u00e8 e le loro orchestre, che in ogni stagione regalano un momento romantico ed indimenticabile da non lasciarsi sfuggire!","robots":{"index":"index","follow":"follow","max-snippet":"max-snippet:-1","max-image-preview":"max-image-preview:large","max-video-preview":"max-video-preview:-1"},"canonical":"https:\/\/www.hotelsanmarcovenice.com\/it\/posizione\/","og_locale":"it_IT","og_type":"article","og_title":"Posizione - Albergo San Marco -","og_description":"La posizione della quale gode a Venezia l\u2019Albergo San Marco \u00e8 di quelle che fanno sognare: in pieno centro storico, a pochissimi metri da Piazza San Marco e dal Ponte dei Dai. Una location dalla quale si raggiunge qualsiasi museo, monumento e attrazione di Venezia.  Piazza San Marco \u00e8 il cuore della citt\u00e0, uno straordinario salotto circondato dagli eleganti portici delle procuratie che ospitano gli antichi caff\u00e8 e le loro orchestre, che in ogni stagione regalano un momento romantico ed indimenticabile da non lasciarsi sfuggire!","og_url":"https:\/\/www.hotelsanmarcovenice.com\/it\/posizione\/","og_site_name":"Albergo San Marco","article_publisher":"https:\/\/www.facebook.com\/people\/Hotel-San-Marco-Venezia\/61561152116167\/","article_modified_time":"2026-02-23T17:14:25+00:00","og_image":[{"width":2200,"height":1200,"url":"https:\/\/www.hotelsanmarcovenice.com\/wp-content\/uploads\/sites\/48\/2026\/01\/albergo_san_marco_slide_00.jpg","type":"image\/jpeg"}],"twitter_card":"summary_large_image","twitter_misc":{"Est. reading time":"1 minuto"},"schema":{"@context":"https:\/\/schema.org","@graph":[{"@type":"WebPage","@id":"https:\/\/www.hotelsanmarcovenice.com\/it\/posizione\/","url":"https:\/\/www.hotelsanmarcovenice.com\/it\/posizione\/","name":"Posizione - Albergo San Marco -","isPartOf":{"@id":"https:\/\/www.hotelsanmarcovenice.com\/it\/#website"},"datePublished":"2026-01-22T09:43:50+00:00","dateModified":"2026-02-23T17:14:25+00:00","description":"La posizione della quale gode a Venezia l\u2019Albergo San Marco \u00e8 di quelle che fanno sognare: in pieno centro storico, a pochissimi metri da Piazza San Marco e dal Ponte dei Dai. Una location dalla quale si raggiunge qualsiasi museo, monumento e attrazione di Venezia. Piazza San Marco \u00e8 il cuore della citt\u00e0, uno straordinario salotto circondato dagli eleganti portici delle procuratie che ospitano gli antichi caff\u00e8 e le loro orchestre, che in ogni stagione regalano un momento romantico ed indimenticabile da non lasciarsi sfuggire!","breadcrumb":{"@id":"https:\/\/www.hotelsanmarcovenice.com\/it\/posizione\/#breadcrumb"},"inLanguage":"it-IT","potentialAction":[{"@type":"ReadAction","target":["https:\/\/www.hotelsanmarcovenice.com\/it\/posizione\/"]}]},{"@type":"BreadcrumbList","@id":"https:\/\/www.hotelsanmarcovenice.com\/it\/posizione\/#breadcrumb","itemListElement":[{"@type":"ListItem","position":1,"name":"Home","item":"https:\/\/www.hotelsanmarcovenice.com\/it\/"},{"@type":"ListItem","position":2,"name":"Posizione"}]},{"@type":"WebSite","@id":"https:\/\/www.hotelsanmarcovenice.com\/it\/#website","url":"https:\/\/www.hotelsanmarcovenice.com\/it\/","name":"Albergo San Marco","description":"","publisher":{"@id":"https:\/\/www.hotelsanmarcovenice.com\/it\/#organization"},"potentialAction":[{"@type":"SearchAction","target":{"@type":"EntryPoint","urlTemplate":"https:\/\/www.hotelsanmarcovenice.com\/it\/?s={search_term_string}"},"query-input":{"@type":"PropertyValueSpecification","valueRequired":true,"valueName":"search_term_string"}}],"inLanguage":"it-IT"},{"@type":"Organization","@id":"https:\/\/www.hotelsanmarcovenice.com\/it\/#organization","name":"Albergo San Marco","url":"https:\/\/www.hotelsanmarcovenice.com\/it\/","logo":{"@type":"ImageObject","inLanguage":"it-IT","@id":"https:\/\/www.hotelsanmarcovenice.com\/it\/#\/schema\/logo\/image\/","url":"https:\/\/www.hotelsanmarcovenice.com\/wp-content\/uploads\/sites\/48\/2026\/02\/logo_albergo_san_marco_def_c.svg","contentUrl":"https:\/\/www.hotelsanmarcovenice.com\/wp-content\/uploads\/sites\/48\/2026\/02\/logo_albergo_san_marco_def_c.svg","width":791,"height":755,"caption":"Albergo San Marco"},"image":{"@id":"https:\/\/www.hotelsanmarcovenice.com\/it\/#\/schema\/logo\/image\/"},"sameAs":["https:\/\/www.facebook.com\/people\/Hotel-San-Marco-Venezia\/61561152116167\/","https:\/\/www.instagram.com\/hotel_san_marco_venezia\/"]}]}},"acf":[],"_links":{"self":[{"href":"https:\/\/www.hotelsanmarcovenice.com\/it\/wp-json\/wp\/v2\/pages\/361","targetHints":{"allow":["GET"]}}],"collection":[{"href":"https:\/\/www.hotelsanmarcovenice.com\/it\/wp-json\/wp\/v2\/pages"}],"about":[{"href":"https:\/\/www.hotelsanmarcovenice.com\/it\/wp-json\/wp\/v2\/types\/page"}],"author":[{"embeddable":true,"href":"https:\/\/www.hotelsanmarcovenice.com\/it\/wp-json\/wp\/v2\/users\/6"}],"replies":[{"embeddable":true,"href":"https:\/\/www.hotelsanmarcovenice.com\/it\/wp-json\/wp\/v2\/comments?post=361"}],"version-history":[{"count":0,"href":"https:\/\/www.hotelsanmarcovenice.com\/it\/wp-json\/wp\/v2\/pages\/361\/revisions"}],"wp:attachment":[{"href":"https:\/\/www.hotelsanmarcovenice.com\/it\/wp-json\/wp\/v2\/media?parent=361"}],"curies":[{"name":"wp","href":"https:\/\/api.w.org\/{rel}","templated":true}]}}